{"id":1761,"date":"2024-04-16T21:18:32","date_gmt":"2024-04-16T19:18:32","guid":{"rendered":"https:\/\/melokal.lu\/mentions-legales\/"},"modified":"2024-11-04T17:34:00","modified_gmt":"2024-11-04T16:34:00","slug":"mentions-legales","status":"publish","type":"page","link":"https:\/\/melokal.lu\/fr\/mentions-legales\/","title":{"rendered":"Mentions l\u00e9gales"},"content":{"rendered":"\t\t<div data-elementor-type=\"wp-page\" data-elementor-id=\"1761\" class=\"elementor elementor-1761 elementor-29\">\n\t\t\t\t<div class=\"elementor-element elementor-element-b71b3e2 e-con-full e-flex e-con e-parent\" data-id=\"b71b3e2\" data-element_type=\"container\" data-e-type=\"container\" data-settings=\"{&quot;background_background&quot;:&quot;slideshow&quot;,&quot;background_slideshow_gallery&quot;:[{&quot;id&quot;:149,&quot;url&quot;:&quot;https:\\\/\\\/melokal.lu\\\/wp-content\\\/uploads\\\/2024\\\/05\\\/IMG_9690.jpg&quot;},{&quot;id&quot;:419,&quot;url&quot;:&quot;https:\\\/\\\/melokal.lu\\\/wp-content\\\/uploads\\\/2024\\\/07\\\/A6D056EC-BC5B-43BD-B65D-291144EE52DC.jpg&quot;},{&quot;id&quot;:144,&quot;url&quot;:&quot;https:\\\/\\\/melokal.lu\\\/wp-content\\\/uploads\\\/2024\\\/05\\\/IMG_9621.jpg&quot;}],&quot;background_slideshow_loop&quot;:&quot;yes&quot;,&quot;background_slideshow_slide_duration&quot;:5000,&quot;background_slideshow_slide_transition&quot;:&quot;fade&quot;,&quot;background_slideshow_transition_duration&quot;:500}\">\n\t\t\t\t<\/div>\n\t\t<div class=\"elementor-element elementor-element-5e8567b e-flex e-con-boxed e-con e-parent\" data-id=\"5e8567b\" data-element_type=\"container\" data-e-type=\"container\">\n\t\t\t\t\t<div class=\"e-con-inner\">\n\t\t\t\t<div class=\"elementor-element elementor-element-938e3dc elementor-widget elementor-widget-heading\" data-id=\"938e3dc\" data-element_type=\"widget\" data-e-type=\"widget\" data-widget_type=\"heading.default\">\n\t\t\t\t<div class=\"elementor-widget-container\">\n\t\t\t\t\t<h1 class=\"elementor-heading-title elementor-size-default\">Mentions l\u00e9gales<\/h1>\t\t\t\t<\/div>\n\t\t\t\t<\/div>\n\t\t\t\t\t<\/div>\n\t\t\t\t<\/div>\n\t\t<div class=\"elementor-element elementor-element-7b7cf4a e-flex e-con-boxed e-con e-parent\" data-id=\"7b7cf4a\" data-element_type=\"container\" data-e-type=\"container\">\n\t\t\t\t\t<div class=\"e-con-inner\">\n\t\t<div class=\"elementor-element elementor-element-8e98296 e-con-full e-flex e-con e-child\" data-id=\"8e98296\" data-element_type=\"container\" data-e-type=\"container\">\n\t\t\t\t<div class=\"elementor-element elementor-element-b7e2dc4 elementor-widget elementor-widget-text-editor\" data-id=\"b7e2dc4\" data-element_type=\"widget\" data-e-type=\"widget\" data-widget_type=\"text-editor.default\">\n\t\t\t\t<div class=\"elementor-widget-container\">\n\t\t\t\t\t\t\t\t\t<p class=\"p1\">c\/o M\u00e9lanie Schenten<\/p>\n<p>36, rue des B\u00e9n\u00e9dictins<br>L-6414 Echternach<\/p>\n<p class=\"p1\">T +352 621 633 114<br>mel@melokal.lu<\/p>\t\t\t\t\t\t\t\t<\/div>\n\t\t\t\t<\/div>\n\t\t\t\t<\/div>\n\t\t<div class=\"elementor-element elementor-element-958be6c e-con-full e-flex e-con e-child\" data-id=\"958be6c\" data-element_type=\"container\" data-e-type=\"container\">\n\t\t\t\t<div class=\"elementor-element elementor-element-45d5c9c elementor-widget elementor-widget-text-editor\" data-id=\"45d5c9c\" data-element_type=\"widget\" data-e-type=\"widget\" data-widget_type=\"text-editor.default\">\n\t\t\t\t<div class=\"elementor-widget-container\">\n\t\t\t\t\t\t\t\t\t<p>Melokal\u00ae est une marque de Mels H\u00f9s.<\/p>\n<p>Mat: 2018 2406 741<br \/>TVA: LU 30 09 85 76 <br \/>RCS: B 221872<\/p>\n\t\t\t\t\t\t\t\t<\/div>\n\t\t\t\t<\/div>\n\t\t\t\t<\/div>\n\t\t<div class=\"elementor-element elementor-element-cecfc3a e-con-full e-flex e-con e-child\" data-id=\"cecfc3a\" data-element_type=\"container\" data-e-type=\"container\">\n\t\t\t\t<div class=\"elementor-element elementor-element-cf451a0 elementor-widget elementor-widget-text-editor\" data-id=\"cf451a0\" data-element_type=\"widget\" data-e-type=\"widget\" data-widget_type=\"text-editor.default\">\n\t\t\t\t<div class=\"elementor-widget-container\">\n\t\t\t\t\t\t\t\t\t<p><a href=\"https:\/\/melokal.lu\/wp-content\/uploads\/2024\/09\/AGB_F-1.pdf\" target=\"_blank\" rel=\"noopener\"><strong>Vous pouvez consulter nos conditions g\u00e9n\u00e9rales ICI.<\/strong><\/a><\/p>\t\t\t\t\t\t\t\t<\/div>\n\t\t\t\t<\/div>\n\t\t\t\t<\/div>\n\t\t\t\t\t<\/div>\n\t\t\t\t<\/div>\n\t\t<div class=\"elementor-element elementor-element-62b2b43 e-flex e-con-boxed e-con e-parent\" data-id=\"62b2b43\" data-element_type=\"container\" data-e-type=\"container\">\n\t\t\t\t\t<div class=\"e-con-inner\">\n\t\t\t\t<div class=\"elementor-element elementor-element-9a394f6 elementor-widget-divider--view-line_icon elementor-widget-divider--separator-type-pattern elementor-view-default elementor-widget-divider--element-align-center elementor-widget elementor-widget-divider\" data-id=\"9a394f6\" data-element_type=\"widget\" data-e-type=\"widget\" data-widget_type=\"divider.default\">\n\t\t\t\t<div class=\"elementor-widget-container\">\n\t\t\t\t\t\t\t<div class=\"elementor-divider\" style=\"--divider-pattern-url: url(&quot;data:image\/svg+xml,%3Csvg xmlns=&#039;http:\/\/www.w3.org\/2000\/svg&#039; preserveAspectRatio=&#039;none&#039; overflow=&#039;visible&#039; height=&#039;100%&#039; viewBox=&#039;0 0 24 24&#039; fill=&#039;none&#039; stroke=&#039;black&#039; stroke-width=&#039;1&#039; stroke-linecap=&#039;square&#039; stroke-miterlimit=&#039;10&#039;%3E%3Cpath d=&#039;M0,6c6,0,0.9,11.1,6.9,11.1S18,6,24,6&#039;\/%3E%3C\/svg%3E&quot;);\">\n\t\t\t<span class=\"elementor-divider-separator\">\n\t\t\t\t\t\t\t<div class=\"elementor-icon elementor-divider__element\">\n\t\t\t\t\t<svg aria-hidden=\"true\" class=\"e-font-icon-svg e-fas-heart\" viewBox=\"0 0 512 512\" xmlns=\"http:\/\/www.w3.org\/2000\/svg\"><path d=\"M462.3 62.6C407.5 15.9 326 24.3 275.7 76.2L256 96.5l-19.7-20.3C186.1 24.3 104.5 15.9 49.7 62.6c-62.8 53.6-66.1 149.8-9.9 207.9l193.5 199.8c12.5 12.9 32.8 12.9 45.3 0l193.5-199.8c56.3-58.1 53-154.3-9.8-207.9z\"><\/path><\/svg><\/div>\n\t\t\t\t\t\t<\/span>\n\t\t<\/div>\n\t\t\t\t\t\t<\/div>\n\t\t\t\t<\/div>\n\t\t\t\t\t<\/div>\n\t\t\t\t<\/div>\n\t\t<div class=\"elementor-element elementor-element-358311b e-flex e-con-boxed e-con e-parent\" data-id=\"358311b\" data-element_type=\"container\" data-e-type=\"container\">\n\t\t\t\t\t<div class=\"e-con-inner\">\n\t\t<div class=\"elementor-element elementor-element-2f2e4ab e-con-full e-flex e-con e-child\" data-id=\"2f2e4ab\" data-element_type=\"container\" data-e-type=\"container\">\n\t\t\t\t<div class=\"elementor-element elementor-element-ff946c1 elementor-widget elementor-widget-text-editor\" data-id=\"ff946c1\" data-element_type=\"widget\" data-e-type=\"widget\" data-widget_type=\"text-editor.default\">\n\t\t\t\t<div class=\"elementor-widget-container\">\n\t\t\t\t\t\t\t\t\t<p>Layout  Design:<\/p>\n<p><a href=\"https:\/\/kacom.lu\/\" target=\"_blank\" rel=\"noopener\">Ka Communications, Echternach<\/a><\/p>\n<\/p>\n<p>Programmation:<\/p>\n<p>J\u00f6rg Porstmann<\/p>\n\t\t\t\t\t\t\t\t<\/div>\n\t\t\t\t<\/div>\n\t\t\t\t<\/div>\n\t\t<div class=\"elementor-element elementor-element-6626a4f e-con-full e-flex e-con e-child\" data-id=\"6626a4f\" data-element_type=\"container\" data-e-type=\"container\">\n\t\t\t\t<div class=\"elementor-element elementor-element-423ab94 elementor-widget elementor-widget-text-editor\" data-id=\"423ab94\" data-element_type=\"widget\" data-e-type=\"widget\" data-widget_type=\"text-editor.default\">\n\t\t\t\t<div class=\"elementor-widget-container\">\n\t\t\t\t\t\t\t\t\t<p>Photos:<\/p>\n<p>stock.adobe.com: <a class=\"blue science-text js-contributor-link\" href=\"https:\/\/stock.adobe.com\/be_en\/contributor\/200879580\/travelmedia?load_type=author&amp;prev_url=detail\" data-ingest-clicktype=\"details-contributor-link\" target=\"_blank\" rel=\"noopener\">TravelMedia<\/a>, <a class=\"blue science-text js-contributor-link\" href=\"https:\/\/stock.adobe.com\/be_en\/contributor\/206781925\/anastassiya?load_type=author&amp;prev_url=detail\" data-ingest-clicktype=\"details-contributor-link\" target=\"_blank\" rel=\"noopener\">Anastassiya<\/a>, <a class=\"blue science-text js-contributor-link\" href=\"https:\/\/stock.adobe.com\/be_en\/contributor\/211112934\/idopixbox?load_type=author&amp;prev_url=detail\" data-ingest-clicktype=\"details-contributor-link\" target=\"_blank\" rel=\"noopener\">iDoPixBox<\/a>, <a class=\"blue science-text js-contributor-link\" href=\"https:\/\/stock.adobe.com\/be_en\/contributor\/207429371\/paralisart?load_type=author&amp;prev_url=detail\" data-ingest-clicktype=\"details-contributor-link\" target=\"_blank\" rel=\"noopener\">paralisart<\/a>, <a class=\"blue science-text js-contributor-link\" href=\"https:\/\/stock.adobe.com\/be_en\/contributor\/211297233\/stockphotodirectors?load_type=author&amp;prev_url=detail\" data-ingest-clicktype=\"details-contributor-link\" target=\"_blank\" rel=\"noopener\">Stockphotodirectors<\/a>, <a class=\"blue science-text js-contributor-link\" href=\"https:\/\/stock.adobe.com\/be_en\/contributor\/201101020\/sebastien-jouve?load_type=author&amp;prev_url=detail\" data-ingest-clicktype=\"details-contributor-link\" target=\"_blank\" rel=\"noopener\">S\u00e9bastien Jouve<\/a>, <a class=\"blue science-text js-contributor-link\" href=\"https:\/\/stock.adobe.com\/be_en\/contributor\/209274377\/sanja-85?load_type=author&amp;prev_url=detail\" data-ingest-clicktype=\"details-contributor-link\" target=\"_blank\" rel=\"noopener\">Sanja_85<\/a>, <a class=\"blue science-text js-contributor-link\" href=\"https:\/\/stock.adobe.com\/be_en\/contributor\/210716081\/kobus-l-peopleimages-com?load_type=author&amp;prev_url=detail\" data-ingest-clicktype=\"details-contributor-link\" target=\"_blank\" rel=\"noopener\">Kobus L\/peopleimages.com<\/a>, <a class=\"blue science-text js-contributor-link\" href=\"https:\/\/stock.adobe.com\/be_en\/contributor\/210716081\/michael-cunningham-peopleimages-com?load_type=author&amp;prev_url=detail\" data-ingest-clicktype=\"details-contributor-link\" target=\"_blank\" rel=\"noopener\">Michael Cunningham\/peopleimages.com<\/a>, <a class=\"blue science-text js-contributor-link\" href=\"https:\/\/stock.adobe.com\/be_en\/contributor\/205079253\/master1305?load_type=author&amp;prev_url=detail\" data-ingest-clicktype=\"details-contributor-link\" target=\"_blank\" rel=\"noopener\">master1305<\/a>, <span class=\"grey gravel-text\" data-t=\"detail-panel-content-author-by-label\"> <\/span><span class=\"blue science-text\" data-t=\"detail-panel-content-author-name\"><a class=\"blue science-text js-contributor-link\" href=\"https:\/\/stock.adobe.com\/be_en\/contributor\/204567087\/rawpixel-com?load_type=author&amp;prev_url=detail\" data-ingest-clicktype=\"details-contributor-link\" target=\"_blank\" rel=\"noopener\">Rawpixel.com<\/a>, <a class=\"blue science-text js-contributor-link\" href=\"https:\/\/stock.adobe.com\/be_en\/contributor\/205513174\/alipko?load_type=author&amp;prev_url=detail\" data-ingest-clicktype=\"details-contributor-link\" target=\"_blank\" rel=\"noopener\">alipko<\/a>, <a class=\"blue science-text js-contributor-link\" href=\"https:\/\/stock.adobe.com\/be_en\/contributor\/200599234\/monkey-business?load_type=author&amp;prev_url=detail\" data-ingest-clicktype=\"details-contributor-link\" target=\"_blank\" rel=\"noopener\">Monkey Business<\/a>, <a class=\"blue science-text js-contributor-link\" href=\"https:\/\/stock.adobe.com\/be_en\/contributor\/201773432\/drobot-dean?load_type=author&amp;prev_url=detail\" data-ingest-clicktype=\"details-contributor-link\" target=\"_blank\" rel=\"noopener\">Drobot Dean<\/a>, <a class=\"blue science-text js-contributor-link\" href=\"https:\/\/stock.adobe.com\/be_en\/contributor\/200467009\/prostock-studio?load_type=author&amp;prev_url=detail\" data-ingest-clicktype=\"details-contributor-link\" target=\"_blank\" rel=\"noopener\">Prostock-studio<\/a>, <a class=\"blue science-text js-contributor-link\" href=\"https:\/\/stock.adobe.com\/be_en\/contributor\/204567087\/rawpixel-com?load_type=author&amp;prev_url=detail\" data-ingest-clicktype=\"details-contributor-link\" target=\"_blank\" rel=\"noopener\">Rawpixel.com<\/a>, <\/span><\/p>\n<p>Foto von <a href=\"https:\/\/unsplash.com\/de\/@lyssa739?utm_content=creditCopyText&amp;utm_medium=referral&amp;utm_source=unsplash\" target=\"_blank\" rel=\"noopener\">Alyssa DeGarde<\/a>, <a href=\"https:\/\/unsplash.com\/de\/@melissaaskew?utm_content=creditCopyText&amp;utm_medium=referral&amp;utm_source=unsplash\" target=\"_blank\" rel=\"noopener\">Melissa Askew<\/a>, <a href=\"https:\/\/unsplash.com\/de\/@wx1993?utm_content=creditCopyText&amp;utm_medium=referral&amp;utm_source=unsplash\" target=\"_blank\" rel=\"noopener\">Raychan<\/a>, <a href=\"https:\/\/unsplash.com\/de\/@claybanks?utm_content=creditCopyText&amp;utm_medium=referral&amp;utm_source=unsplash\" target=\"_blank\" rel=\"noopener\">Clay Banks<\/a>, <a href=\"https:\/\/unsplash.com\/de\/@ajk_th?utm_content=creditCopyText&amp;utm_medium=referral&amp;utm_source=unsplash\" target=\"_blank\" rel=\"noopener\">Alexander Kovacs<\/a>, <a href=\"https:\/\/unsplash.com\/de\/@gndclouds?utm_content=creditCopyText&amp;utm_medium=referral&amp;utm_source=unsplash\" target=\"_blank\" rel=\"noopener\">Will<\/a>, <a href=\"https:\/\/unsplash.com\/de\/@inayali?utm_content=creditCopyText&amp;utm_medium=referral&amp;utm_source=unsplash\" target=\"_blank\" rel=\"noopener\">Ali Inay<\/a>, <a href=\"https:\/\/unsplash.com\/de\/@pablomerchanm?utm_content=creditCopyText&amp;utm_medium=referral&amp;utm_source=unsplash\" target=\"_blank\" rel=\"noopener\">Pablo Merch\u00e1n Montes<\/a>, <a href=\"https:\/\/unsplash.com\/de\/@contentpixie?utm_content=creditCopyText&amp;utm_medium=referral&amp;utm_source=unsplash\" target=\"_blank\" rel=\"noopener\">Content Pixie<\/a>, <a href=\"https:\/\/unsplash.com\/de\/@madhatterzone?utm_content=creditCopyText&amp;utm_medium=referral&amp;utm_source=unsplash\" target=\"_blank\" rel=\"noopener\">Manja Vitolic<\/a> auf <a href=\"https:\/\/unsplash.com\/de\/fotos\/verschiedene-wanddekore-7tOV35hnkao?utm_content=creditCopyText&amp;utm_medium=referral&amp;utm_source=unsplash\" target=\"_blank\" rel=\"noopener\">Unsplash<\/a><\/p><\/p>\n\t\t\t\t\t\t\t\t<\/div>\n\t\t\t\t<\/div>\n\t\t\t\t<\/div>\n\t\t<div class=\"elementor-element elementor-element-44be401 e-con-full e-flex e-con e-child\" data-id=\"44be401\" data-element_type=\"container\" data-e-type=\"container\">\n\t\t\t\t<\/div>\n\t\t<div class=\"elementor-element elementor-element-2b7e6a1 e-con-full e-flex e-con e-child\" data-id=\"2b7e6a1\" data-element_type=\"container\" data-e-type=\"container\">\n\t\t\t\t<\/div>\n\t\t<div class=\"elementor-element elementor-element-c7f2bd5 e-con-full e-flex e-con e-child\" data-id=\"c7f2bd5\" data-element_type=\"container\" data-e-type=\"container\">\n\t\t\t\t<\/div>\n\t\t<div class=\"elementor-element elementor-element-ac7ac48 e-con-full e-flex e-con e-child\" data-id=\"ac7ac48\" data-element_type=\"container\" data-e-type=\"container\">\n\t\t\t\t<\/div>\n\t\t\t\t\t<\/div>\n\t\t\t\t<\/div>\n\t\t\t\t<\/div>\n\t\t","protected":false},"excerpt":{"rendered":"<p>Mentions l\u00e9gales c\/o M\u00e9lanie Schenten 36, rue des B\u00e9n\u00e9dictinsL-6414 Echternach T +352 621 633 114mel@melokal.lu Melokal\u00ae est une marque de Mels H\u00f9s. Mat: 2018 2406 741TVA: LU 30 09 85 76 RCS: B 221872 Vous pouvez consulter nos conditions g\u00e9n\u00e9rales ICI. Layout Design: Ka Communications, Echternach Programmation: J\u00f6rg Porstmann Photos: stock.adobe.com: TravelMedia, Anastassiya, iDoPixBox, paralisart, [&hellip;]<\/p>\n","protected":false},"author":2,"featured_media":0,"parent":0,"menu_order":0,"comment_status":"closed","ping_status":"closed","template":"","meta":{"footnotes":""},"class_list":["post-1761","page","type-page","status-publish","hentry"],"acf":[],"_links":{"self":[{"href":"https:\/\/melokal.lu\/fr\/wp-json\/wp\/v2\/pages\/1761","targetHints":{"allow":["GET"]}}],"collection":[{"href":"https:\/\/melokal.lu\/fr\/wp-json\/wp\/v2\/pages"}],"about":[{"href":"https:\/\/melokal.lu\/fr\/wp-json\/wp\/v2\/types\/page"}],"author":[{"embeddable":true,"href":"https:\/\/melokal.lu\/fr\/wp-json\/wp\/v2\/users\/2"}],"replies":[{"embeddable":true,"href":"https:\/\/melokal.lu\/fr\/wp-json\/wp\/v2\/comments?post=1761"}],"version-history":[{"count":12,"href":"https:\/\/melokal.lu\/fr\/wp-json\/wp\/v2\/pages\/1761\/revisions"}],"predecessor-version":[{"id":2233,"href":"https:\/\/melokal.lu\/fr\/wp-json\/wp\/v2\/pages\/1761\/revisions\/2233"}],"wp:attachment":[{"href":"https:\/\/melokal.lu\/fr\/wp-json\/wp\/v2\/media?parent=1761"}],"curies":[{"name":"wp","href":"https:\/\/api.w.org\/{rel}","templated":true}]}}