{"id":1817,"date":"2024-06-05T19:00:50","date_gmt":"2024-06-05T17:00:50","guid":{"rendered":"https:\/\/melokal.lu\/bons-melokal\/"},"modified":"2026-04-15T21:10:25","modified_gmt":"2026-04-15T19:10:25","slug":"bons-melokal","status":"publish","type":"page","link":"https:\/\/melokal.lu\/fr\/bons-melokal\/","title":{"rendered":"Bons melokal\u00ae"},"content":{"rendered":"\t\t<div data-elementor-type=\"wp-page\" data-elementor-id=\"1817\" class=\"elementor elementor-1817 elementor-287\">\n\t\t\t\t<div class=\"elementor-element elementor-element-7b7db28 e-con-full e-flex e-con e-parent\" data-id=\"7b7db28\" data-element_type=\"container\" data-e-type=\"container\" data-settings=\"{&quot;background_background&quot;:&quot;slideshow&quot;,&quot;background_slideshow_gallery&quot;:[{&quot;id&quot;:1098,&quot;url&quot;:&quot;https:\\\/\\\/melokal.lu\\\/wp-content\\\/uploads\\\/2024\\\/07\\\/A6D056EC-BC5B-43BD-B65D-291144EE52DC.jpg&quot;},{&quot;id&quot;:1108,&quot;url&quot;:&quot;https:\\\/\\\/melokal.lu\\\/wp-content\\\/uploads\\\/2024\\\/07\\\/will-TWJmj182gu4-unsplash.jpg&quot;},{&quot;id&quot;:1076,&quot;url&quot;:&quot;https:\\\/\\\/melokal.lu\\\/wp-content\\\/uploads\\\/2024\\\/07\\\/BoxBonHerz.jpg&quot;}],&quot;background_slideshow_loop&quot;:&quot;yes&quot;,&quot;background_slideshow_slide_duration&quot;:5000,&quot;background_slideshow_slide_transition&quot;:&quot;fade&quot;,&quot;background_slideshow_transition_duration&quot;:500}\">\n\t\t\t\t<\/div>\n\t\t<div class=\"elementor-element elementor-element-20fe019 e-flex e-con-boxed e-con e-parent\" data-id=\"20fe019\" data-element_type=\"container\" data-e-type=\"container\" data-settings=\"{&quot;background_background&quot;:&quot;classic&quot;}\">\n\t\t\t\t\t<div class=\"e-con-inner\">\n\t\t\t\t<div class=\"elementor-element elementor-element-40d2e3e elementor-widget-divider--view-line_icon elementor-widget-divider--separator-type-pattern elementor-view-default elementor-widget-divider--element-align-center elementor-widget elementor-widget-divider\" data-id=\"40d2e3e\" data-element_type=\"widget\" data-e-type=\"widget\" data-widget_type=\"divider.default\">\n\t\t\t\t<div class=\"elementor-widget-container\">\n\t\t\t\t\t\t\t<div class=\"elementor-divider\" style=\"--divider-pattern-url: url(&quot;data:image\/svg+xml,%3Csvg xmlns=&#039;http:\/\/www.w3.org\/2000\/svg&#039; preserveAspectRatio=&#039;none&#039; overflow=&#039;visible&#039; height=&#039;100%&#039; viewBox=&#039;0 0 24 24&#039; fill=&#039;none&#039; stroke=&#039;black&#039; stroke-width=&#039;1&#039; stroke-linecap=&#039;square&#039; stroke-miterlimit=&#039;10&#039;%3E%3Cpath d=&#039;M0,21c3.3,0,8.3-0.9,15.7-7.1c6.6-5.4,4.4-9.3,2.4-10.3c-3.4-1.8-7.7,1.3-7.3,8.8C11.2,20,17.1,21,24,21&#039;\/%3E%3C\/svg%3E&quot;);\">\n\t\t\t<span class=\"elementor-divider-separator\">\n\t\t\t\t\t\t\t<div class=\"elementor-icon elementor-divider__element\">\n\t\t\t\t\t<svg aria-hidden=\"true\" class=\"e-font-icon-svg e-fas-heart\" viewBox=\"0 0 512 512\" xmlns=\"http:\/\/www.w3.org\/2000\/svg\"><path d=\"M462.3 62.6C407.5 15.9 326 24.3 275.7 76.2L256 96.5l-19.7-20.3C186.1 24.3 104.5 15.9 49.7 62.6c-62.8 53.6-66.1 149.8-9.9 207.9l193.5 199.8c12.5 12.9 32.8 12.9 45.3 0l193.5-199.8c56.3-58.1 53-154.3-9.8-207.9z\"><\/path><\/svg><\/div>\n\t\t\t\t\t\t<\/span>\n\t\t<\/div>\n\t\t\t\t\t\t<\/div>\n\t\t\t\t<\/div>\n\t\t\t\t\t<\/div>\n\t\t\t\t<\/div>\n\t\t<div class=\"elementor-element elementor-element-1bf8103 e-flex e-con-boxed e-con e-parent\" data-id=\"1bf8103\" data-element_type=\"container\" data-e-type=\"container\" data-settings=\"{&quot;background_background&quot;:&quot;classic&quot;}\">\n\t\t\t\t\t<div class=\"e-con-inner\">\n\t\t\t\t<div class=\"elementor-element elementor-element-c238cb5 elementor-widget elementor-widget-heading\" data-id=\"c238cb5\" data-element_type=\"widget\" data-e-type=\"widget\" data-widget_type=\"heading.default\">\n\t\t\t\t<div class=\"elementor-widget-container\">\n\t\t\t\t\t<h1 class=\"elementor-heading-title elementor-size-default\">Un bon cadeau. Toutes les possibilit\u00e9s.<\/h1>\t\t\t\t<\/div>\n\t\t\t\t<\/div>\n\t\t\t\t\t<\/div>\n\t\t\t\t<\/div>\n\t\t<div class=\"elementor-element elementor-element-4111136 e-flex e-con-boxed e-con e-parent\" data-id=\"4111136\" data-element_type=\"container\" data-e-type=\"container\" data-settings=\"{&quot;background_background&quot;:&quot;classic&quot;}\">\n\t\t\t\t\t<div class=\"e-con-inner\">\n\t\t\t\t<div class=\"elementor-element elementor-element-f748d5a elementor-widget elementor-widget-text-editor\" data-id=\"f748d5a\" data-element_type=\"widget\" data-e-type=\"widget\" data-widget_type=\"text-editor.default\">\n\t\t\t\t<div class=\"elementor-widget-container\">\n\t\t\t\t\t\t\t\t\t<p class=\"isSelectedEnd\">Un cadeau qui fait vraiment plaisir<\/p><p class=\"isSelectedEnd\">Offrez la libert\u00e9 de choisir, de d\u00e9couvrir et de vivre une exp\u00e9rience locale unique.<br \/>Avec melokal\u00ae, vous ne vous trompez jamais.<\/p><p>\ud83c\udf89 Valable chez tous les partenaires \u2013 sans restriction de cat\u00e9gorie.<\/p>\t\t\t\t\t\t\t\t<\/div>\n\t\t\t\t<\/div>\n\t\t\t\t\t<\/div>\n\t\t\t\t<\/div>\n\t\t<div class=\"elementor-element elementor-element-15dabeb e-flex e-con-boxed e-con e-parent\" data-id=\"15dabeb\" data-element_type=\"container\" data-e-type=\"container\" data-settings=\"{&quot;background_background&quot;:&quot;classic&quot;}\">\n\t\t\t\t\t<div class=\"e-con-inner\">\n\t\t<div class=\"elementor-element elementor-element-616b1e8 e-con-full e-flex e-con e-child\" data-id=\"616b1e8\" data-element_type=\"container\" data-e-type=\"container\">\n\t\t\t\t<div class=\"elementor-element elementor-element-9f17bfd elementor-widget elementor-widget-image\" data-id=\"9f17bfd\" data-element_type=\"widget\" data-e-type=\"widget\" data-widget_type=\"image.default\">\n\t\t\t\t<div class=\"elementor-widget-container\">\n\t\t\t\t\t\t\t\t\t\t\t\t\t\t\t<img fetchpriority=\"high\" decoding=\"async\" width=\"2560\" height=\"1707\" src=\"https:\/\/melokal.lu\/wp-content\/uploads\/2024\/05\/IMG_9693.jpg\" class=\"attachment-full size-full wp-image-1038\" alt=\"\" srcset=\"https:\/\/melokal.lu\/wp-content\/uploads\/2024\/05\/IMG_9693.jpg 2560w, https:\/\/melokal.lu\/wp-content\/uploads\/2024\/05\/IMG_9693-600x400.jpg 600w, https:\/\/melokal.lu\/wp-content\/uploads\/2024\/05\/IMG_9693-300x200.jpg 300w, https:\/\/melokal.lu\/wp-content\/uploads\/2024\/05\/IMG_9693-1024x683.jpg 1024w, https:\/\/melokal.lu\/wp-content\/uploads\/2024\/05\/IMG_9693-768x512.jpg 768w, https:\/\/melokal.lu\/wp-content\/uploads\/2024\/05\/IMG_9693-1536x1024.jpg 1536w, https:\/\/melokal.lu\/wp-content\/uploads\/2024\/05\/IMG_9693-2048x1366.jpg 2048w\" sizes=\"(max-width: 2560px) 100vw, 2560px\" title=\"\">\t\t\t\t\t\t\t\t\t\t\t\t\t\t\t<\/div>\n\t\t\t\t<\/div>\n\t\t\t\t<\/div>\n\t\t<div class=\"elementor-element elementor-element-fe36f20 e-con-full e-flex e-con e-child\" data-id=\"fe36f20\" data-element_type=\"container\" data-e-type=\"container\">\n\t\t\t\t<div class=\"elementor-element elementor-element-146b34e elementor-widget elementor-widget-heading\" data-id=\"146b34e\" data-element_type=\"widget\" data-e-type=\"widget\" data-widget_type=\"heading.default\">\n\t\t\t\t<div class=\"elementor-widget-container\">\n\t\t\t\t\t<h2 class=\"elementor-heading-title elementor-size-default\">Pourquoi choisir un bon melokal\u00ae ?<\/h2>\t\t\t\t<\/div>\n\t\t\t\t<\/div>\n\t\t\t\t<div class=\"elementor-element elementor-element-6896e2e elementor-widget elementor-widget-text-editor\" data-id=\"6896e2e\" data-element_type=\"widget\" data-e-type=\"widget\" data-widget_type=\"text-editor.default\">\n\t\t\t\t<div class=\"elementor-widget-container\">\n\t\t\t\t\t\t\t\t\t<p>\u2714 Valable chez tous les partenaires<br \/>\u2714 2 ans de validit\u00e9 \u2013 prenez votre temps<br \/>\u2714 Large choix d\u2019exp\u00e9riences locales<br \/>\u2714 Impact direct sur l\u2019\u00e9conomie locale<br \/>\u2714 Achat simple et rapide<\/p>\t\t\t\t\t\t\t\t<\/div>\n\t\t\t\t<\/div>\n\t\t\t\t<div class=\"elementor-element elementor-element-eb56dcc elementor-align-center elementor-widget elementor-widget-button\" data-id=\"eb56dcc\" data-element_type=\"widget\" data-e-type=\"widget\" data-widget_type=\"button.default\">\n\t\t\t\t<div class=\"elementor-widget-container\">\n\t\t\t\t\t\t\t\t\t<div class=\"elementor-button-wrapper\">\n\t\t\t\t\t<a class=\"elementor-button elementor-button-link elementor-size-sm\" href=\"https:\/\/melokal.lu\/fr\/categorie-de-produit\/bons-fr\/\">\n\t\t\t\t\t\t<span class=\"elementor-button-content-wrapper\">\n\t\t\t\t\t\t\t\t\t<span class=\"elementor-button-text\">Commander un bon melokal\u00ae <\/span>\n\t\t\t\t\t<\/span>\n\t\t\t\t\t<\/a>\n\t\t\t\t<\/div>\n\t\t\t\t\t\t\t\t<\/div>\n\t\t\t\t<\/div>\n\t\t\t\t<\/div>\n\t\t\t\t\t<\/div>\n\t\t\t\t<\/div>\n\t\t<div class=\"elementor-element elementor-element-e1a0ee1 e-flex e-con-boxed e-con e-parent\" data-id=\"e1a0ee1\" data-element_type=\"container\" data-e-type=\"container\" data-settings=\"{&quot;background_background&quot;:&quot;classic&quot;}\">\n\t\t\t\t\t<div class=\"e-con-inner\">\n\t\t\t\t<div class=\"elementor-element elementor-element-084461e elementor-widget-divider--view-line_icon elementor-widget-divider--separator-type-pattern elementor-view-default elementor-widget-divider--element-align-center elementor-widget elementor-widget-divider\" data-id=\"084461e\" data-element_type=\"widget\" data-e-type=\"widget\" data-widget_type=\"divider.default\">\n\t\t\t\t<div class=\"elementor-widget-container\">\n\t\t\t\t\t\t\t<div class=\"elementor-divider\" style=\"--divider-pattern-url: url(&quot;data:image\/svg+xml,%3Csvg xmlns=&#039;http:\/\/www.w3.org\/2000\/svg&#039; preserveAspectRatio=&#039;none&#039; overflow=&#039;visible&#039; height=&#039;100%&#039; viewBox=&#039;0 0 24 24&#039; fill=&#039;none&#039; stroke=&#039;black&#039; stroke-width=&#039;1&#039; stroke-linecap=&#039;square&#039; stroke-miterlimit=&#039;10&#039;%3E%3Cpath d=&#039;M0,21c3.3,0,8.3-0.9,15.7-7.1c6.6-5.4,4.4-9.3,2.4-10.3c-3.4-1.8-7.7,1.3-7.3,8.8C11.2,20,17.1,21,24,21&#039;\/%3E%3C\/svg%3E&quot;);\">\n\t\t\t<span class=\"elementor-divider-separator\">\n\t\t\t\t\t\t\t<div class=\"elementor-icon elementor-divider__element\">\n\t\t\t\t\t<svg aria-hidden=\"true\" class=\"e-font-icon-svg e-fas-heart\" viewBox=\"0 0 512 512\" xmlns=\"http:\/\/www.w3.org\/2000\/svg\"><path d=\"M462.3 62.6C407.5 15.9 326 24.3 275.7 76.2L256 96.5l-19.7-20.3C186.1 24.3 104.5 15.9 49.7 62.6c-62.8 53.6-66.1 149.8-9.9 207.9l193.5 199.8c12.5 12.9 32.8 12.9 45.3 0l193.5-199.8c56.3-58.1 53-154.3-9.8-207.9z\"><\/path><\/svg><\/div>\n\t\t\t\t\t\t<\/span>\n\t\t<\/div>\n\t\t\t\t\t\t<\/div>\n\t\t\t\t<\/div>\n\t\t\t\t\t<\/div>\n\t\t\t\t<\/div>\n\t\t<div class=\"elementor-element elementor-element-e524693 e-flex e-con-boxed e-con e-parent\" data-id=\"e524693\" data-element_type=\"container\" data-e-type=\"container\" data-settings=\"{&quot;background_background&quot;:&quot;classic&quot;}\">\n\t\t\t\t\t<div class=\"e-con-inner\">\n\t\t\t\t<div class=\"elementor-element elementor-element-4ef8b61 elementor-widget elementor-widget-heading\" data-id=\"4ef8b61\" data-element_type=\"widget\" data-e-type=\"widget\" data-widget_type=\"heading.default\">\n\t\t\t\t<div class=\"elementor-widget-container\">\n\t\t\t\t\t<h2 class=\"elementor-heading-title elementor-size-default\">Comment \u00e7a fonctionne ?<\/h2>\t\t\t\t<\/div>\n\t\t\t\t<\/div>\n\t\t\t\t\t<\/div>\n\t\t\t\t<\/div>\n\t\t<div class=\"elementor-element elementor-element-56ea4d9 e-grid e-con-boxed e-con e-parent\" data-id=\"56ea4d9\" data-element_type=\"container\" data-e-type=\"container\" data-settings=\"{&quot;background_background&quot;:&quot;classic&quot;}\">\n\t\t\t\t\t<div class=\"e-con-inner\">\n\t\t\t\t<div class=\"elementor-element elementor-element-9cc89aa elementor-position-top elementor-widget elementor-widget-image-box\" data-id=\"9cc89aa\" data-element_type=\"widget\" data-e-type=\"widget\" data-widget_type=\"image-box.default\">\n\t\t\t\t<div class=\"elementor-widget-container\">\n\t\t\t\t\t<div class=\"elementor-image-box-wrapper\"><figure class=\"elementor-image-box-img\"><img decoding=\"async\" width=\"150\" height=\"150\" src=\"https:\/\/melokal.lu\/wp-content\/uploads\/2024\/07\/Waehlen-150x150.png\" class=\"attachment-thumbnail size-thumbnail wp-image-1134\" alt=\"\" title=\"\" srcset=\"https:\/\/melokal.lu\/wp-content\/uploads\/2024\/07\/Waehlen-150x150.png 150w, https:\/\/melokal.lu\/wp-content\/uploads\/2024\/07\/Waehlen-300x300.png 300w, https:\/\/melokal.lu\/wp-content\/uploads\/2024\/07\/Waehlen-100x100.png 100w, https:\/\/melokal.lu\/wp-content\/uploads\/2024\/07\/Waehlen-600x600.png 600w, https:\/\/melokal.lu\/wp-content\/uploads\/2024\/07\/Waehlen-1024x1024.png 1024w, https:\/\/melokal.lu\/wp-content\/uploads\/2024\/07\/Waehlen-768x768.png 768w, https:\/\/melokal.lu\/wp-content\/uploads\/2024\/07\/Waehlen.png 1182w\" sizes=\"(max-width: 150px) 100vw, 150px\" \/><\/figure><div class=\"elementor-image-box-content\"><h4 class=\"elementor-image-box-title\">Choississez<\/h4><p class=\"elementor-image-box-description\">S\u00e9lectionnez un ou plusieurs bons \u2013 avec ou sans coffret.<\/p><\/div><\/div>\t\t\t\t<\/div>\n\t\t\t\t<\/div>\n\t\t\t\t<div class=\"elementor-element elementor-element-aa881cc elementor-position-top elementor-widget elementor-widget-image-box\" data-id=\"aa881cc\" data-element_type=\"widget\" data-e-type=\"widget\" data-widget_type=\"image-box.default\">\n\t\t\t\t<div class=\"elementor-widget-container\">\n\t\t\t\t\t<div class=\"elementor-image-box-wrapper\"><figure class=\"elementor-image-box-img\"><img decoding=\"async\" width=\"150\" height=\"150\" src=\"https:\/\/melokal.lu\/wp-content\/uploads\/2024\/07\/zahlen-150x150.png\" class=\"attachment-thumbnail size-thumbnail wp-image-1138\" alt=\"\" title=\"\" srcset=\"https:\/\/melokal.lu\/wp-content\/uploads\/2024\/07\/zahlen-150x150.png 150w, https:\/\/melokal.lu\/wp-content\/uploads\/2024\/07\/zahlen-300x300.png 300w, https:\/\/melokal.lu\/wp-content\/uploads\/2024\/07\/zahlen-100x100.png 100w, https:\/\/melokal.lu\/wp-content\/uploads\/2024\/07\/zahlen-600x600.png 600w, https:\/\/melokal.lu\/wp-content\/uploads\/2024\/07\/zahlen-1024x1024.png 1024w, https:\/\/melokal.lu\/wp-content\/uploads\/2024\/07\/zahlen-768x768.png 768w, https:\/\/melokal.lu\/wp-content\/uploads\/2024\/07\/zahlen.png 1182w\" sizes=\"(max-width: 150px) 100vw, 150px\" \/><\/figure><div class=\"elementor-image-box-content\"><h4 class=\"elementor-image-box-title\">Payez<\/h4><p class=\"elementor-image-box-description\">Commande rapide et s\u00e9curis\u00e9e en ligne.<\/p><\/div><\/div>\t\t\t\t<\/div>\n\t\t\t\t<\/div>\n\t\t\t\t<div class=\"elementor-element elementor-element-7444548 elementor-position-top elementor-widget elementor-widget-image-box\" data-id=\"7444548\" data-element_type=\"widget\" data-e-type=\"widget\" data-widget_type=\"image-box.default\">\n\t\t\t\t<div class=\"elementor-widget-container\">\n\t\t\t\t\t<div class=\"elementor-image-box-wrapper\"><figure class=\"elementor-image-box-img\"><img loading=\"lazy\" decoding=\"async\" width=\"150\" height=\"150\" src=\"https:\/\/melokal.lu\/wp-content\/uploads\/2024\/07\/Geschenk-150x150.png\" class=\"attachment-thumbnail size-thumbnail wp-image-1132\" alt=\"\" title=\"\" srcset=\"https:\/\/melokal.lu\/wp-content\/uploads\/2024\/07\/Geschenk-150x150.png 150w, https:\/\/melokal.lu\/wp-content\/uploads\/2024\/07\/Geschenk-300x300.png 300w, https:\/\/melokal.lu\/wp-content\/uploads\/2024\/07\/Geschenk-100x100.png 100w, https:\/\/melokal.lu\/wp-content\/uploads\/2024\/07\/Geschenk-600x600.png 600w, https:\/\/melokal.lu\/wp-content\/uploads\/2024\/07\/Geschenk-1024x1024.png 1024w, https:\/\/melokal.lu\/wp-content\/uploads\/2024\/07\/Geschenk-768x768.png 768w, https:\/\/melokal.lu\/wp-content\/uploads\/2024\/07\/Geschenk.png 1182w\" sizes=\"(max-width: 150px) 100vw, 150px\" \/><\/figure><div class=\"elementor-image-box-content\"><h4 class=\"elementor-image-box-title\">Offrez <\/h4><p class=\"elementor-image-box-description\">Envoi imm\u00e9diat par e-mail ou livraison.<\/p><\/div><\/div>\t\t\t\t<\/div>\n\t\t\t\t<\/div>\n\t\t\t\t<div class=\"elementor-element elementor-element-5395051 elementor-position-top elementor-widget elementor-widget-image-box\" data-id=\"5395051\" data-element_type=\"widget\" data-e-type=\"widget\" data-widget_type=\"image-box.default\">\n\t\t\t\t<div class=\"elementor-widget-container\">\n\t\t\t\t\t<div class=\"elementor-image-box-wrapper\"><figure class=\"elementor-image-box-img\"><img loading=\"lazy\" decoding=\"async\" width=\"150\" height=\"150\" src=\"https:\/\/melokal.lu\/wp-content\/uploads\/2024\/07\/Shoppen-150x150.png\" class=\"attachment-thumbnail size-thumbnail wp-image-1136\" alt=\"\" title=\"\" srcset=\"https:\/\/melokal.lu\/wp-content\/uploads\/2024\/07\/Shoppen-150x150.png 150w, https:\/\/melokal.lu\/wp-content\/uploads\/2024\/07\/Shoppen-300x300.png 300w, https:\/\/melokal.lu\/wp-content\/uploads\/2024\/07\/Shoppen-100x100.png 100w, https:\/\/melokal.lu\/wp-content\/uploads\/2024\/07\/Shoppen-600x600.png 600w, https:\/\/melokal.lu\/wp-content\/uploads\/2024\/07\/Shoppen-1024x1024.png 1024w, https:\/\/melokal.lu\/wp-content\/uploads\/2024\/07\/Shoppen-768x768.png 768w, https:\/\/melokal.lu\/wp-content\/uploads\/2024\/07\/Shoppen.png 1182w\" sizes=\"(max-width: 150px) 100vw, 150px\" \/><\/figure><div class=\"elementor-image-box-content\"><h4 class=\"elementor-image-box-title\">Profitez librement<\/h4><p class=\"elementor-image-box-description\">Le b\u00e9n\u00e9ficiaire utilise son bon chez le partenaire de son choix \u2013 sans restriction de cat\u00e9gorie.<\/p><\/div><\/div>\t\t\t\t<\/div>\n\t\t\t\t<\/div>\n\t\t\t\t\t<\/div>\n\t\t\t\t<\/div>\n\t\t<div class=\"elementor-element elementor-element-880ec3e e-flex e-con-boxed e-con e-parent\" data-id=\"880ec3e\" data-element_type=\"container\" data-e-type=\"container\" data-settings=\"{&quot;background_background&quot;:&quot;classic&quot;}\">\n\t\t\t\t\t<div class=\"e-con-inner\">\n\t\t\t\t<div class=\"elementor-element elementor-element-0822acb elementor-widget-divider--view-line_icon elementor-widget-divider--separator-type-pattern elementor-view-default elementor-widget-divider--element-align-center elementor-widget elementor-widget-divider\" data-id=\"0822acb\" data-element_type=\"widget\" data-e-type=\"widget\" data-widget_type=\"divider.default\">\n\t\t\t\t<div class=\"elementor-widget-container\">\n\t\t\t\t\t\t\t<div class=\"elementor-divider\" style=\"--divider-pattern-url: url(&quot;data:image\/svg+xml,%3Csvg xmlns=&#039;http:\/\/www.w3.org\/2000\/svg&#039; preserveAspectRatio=&#039;none&#039; overflow=&#039;visible&#039; height=&#039;100%&#039; viewBox=&#039;0 0 24 24&#039; fill=&#039;none&#039; stroke=&#039;black&#039; stroke-width=&#039;1&#039; stroke-linecap=&#039;square&#039; stroke-miterlimit=&#039;10&#039;%3E%3Cpath d=&#039;M0,21c3.3,0,8.3-0.9,15.7-7.1c6.6-5.4,4.4-9.3,2.4-10.3c-3.4-1.8-7.7,1.3-7.3,8.8C11.2,20,17.1,21,24,21&#039;\/%3E%3C\/svg%3E&quot;);\">\n\t\t\t<span class=\"elementor-divider-separator\">\n\t\t\t\t\t\t\t<div class=\"elementor-icon elementor-divider__element\">\n\t\t\t\t\t<svg aria-hidden=\"true\" class=\"e-font-icon-svg e-fas-heart\" viewBox=\"0 0 512 512\" xmlns=\"http:\/\/www.w3.org\/2000\/svg\"><path d=\"M462.3 62.6C407.5 15.9 326 24.3 275.7 76.2L256 96.5l-19.7-20.3C186.1 24.3 104.5 15.9 49.7 62.6c-62.8 53.6-66.1 149.8-9.9 207.9l193.5 199.8c12.5 12.9 32.8 12.9 45.3 0l193.5-199.8c56.3-58.1 53-154.3-9.8-207.9z\"><\/path><\/svg><\/div>\n\t\t\t\t\t\t<\/span>\n\t\t<\/div>\n\t\t\t\t\t\t<\/div>\n\t\t\t\t<\/div>\n\t\t\t\t\t<\/div>\n\t\t\t\t<\/div>\n\t\t<div class=\"elementor-element elementor-element-6bc2ce5 e-flex e-con-boxed e-con e-parent\" data-id=\"6bc2ce5\" data-element_type=\"container\" data-e-type=\"container\" data-settings=\"{&quot;background_background&quot;:&quot;classic&quot;}\">\n\t\t\t\t\t<div class=\"e-con-inner\">\n\t\t\t\t<div class=\"elementor-element elementor-element-1cf23e9 elementor-widget elementor-widget-heading\" data-id=\"1cf23e9\" data-element_type=\"widget\" data-e-type=\"widget\" data-widget_type=\"heading.default\">\n\t\t\t\t<div class=\"elementor-widget-container\">\n\t\t\t\t\t<h2 class=\"elementor-heading-title elementor-size-default\">Explorez nos univers<\/h2>\t\t\t\t<\/div>\n\t\t\t\t<\/div>\n\t\t\t\t<div class=\"elementor-element elementor-element-60dba4f elementor-align-center elementor-widget elementor-widget-button\" data-id=\"60dba4f\" data-element_type=\"widget\" data-e-type=\"widget\" data-widget_type=\"button.default\">\n\t\t\t\t<div class=\"elementor-widget-container\">\n\t\t\t\t\t\t\t\t\t<div class=\"elementor-button-wrapper\">\n\t\t\t\t\t<a class=\"elementor-button elementor-button-link elementor-size-sm\" href=\"https:\/\/melokal.lu\/fr\/partner\/\">\n\t\t\t\t\t\t<span class=\"elementor-button-content-wrapper\">\n\t\t\t\t\t\t\t\t\t<span class=\"elementor-button-text\">Offrir une exp\u00e9rience locale!<\/span>\n\t\t\t\t\t<\/span>\n\t\t\t\t\t<\/a>\n\t\t\t\t<\/div>\n\t\t\t\t\t\t\t\t<\/div>\n\t\t\t\t<\/div>\n\t\t\t\t\t<\/div>\n\t\t\t\t<\/div>\n\t\t<div class=\"elementor-element elementor-element-86e84f9 e-flex e-con-boxed e-con e-parent\" data-id=\"86e84f9\" data-element_type=\"container\" data-e-type=\"container\" data-settings=\"{&quot;background_background&quot;:&quot;classic&quot;}\">\n\t\t\t\t\t<div class=\"e-con-inner\">\n\t\t\t\t<div class=\"elementor-element elementor-element-ba15611 elementor-widget elementor-widget-text-editor\" data-id=\"ba15611\" data-element_type=\"widget\" data-e-type=\"widget\" data-widget_type=\"text-editor.default\">\n\t\t\t\t<div class=\"elementor-widget-container\">\n\t\t\t\t\t\t\t\t\t<p class=\"isSelectedEnd\" style=\"text-align: center;\">Une multitude d\u2019exp\u00e9riences \u00e0 d\u00e9couvrir<\/p><p class=\"isSelectedEnd\" style=\"text-align: center;\">Restaurants, bien-\u00eatre, shopping, loisirs\u2026<br \/>Avec melokal\u00ae, chaque bon ouvre la porte \u00e0 de nouvelles exp\u00e9riences locales.<\/p><p style=\"text-align: center;\">Laissez-vous inspirer et trouvez l\u2019id\u00e9e parfaite.<\/p>\t\t\t\t\t\t\t\t<\/div>\n\t\t\t\t<\/div>\n\t\t\t\t\t<\/div>\n\t\t\t\t<\/div>\n\t\t\t\t<\/div>\n\t\t","protected":false},"excerpt":{"rendered":"<p>Un bon cadeau. Toutes les possibilit\u00e9s. Un cadeau qui fait vraiment plaisir Offrez la libert\u00e9 de choisir, de d\u00e9couvrir et de vivre une exp\u00e9rience locale unique.Avec melokal\u00ae, vous ne vous trompez jamais. \ud83c\udf89 Valable chez tous les partenaires \u2013 sans restriction de cat\u00e9gorie. Pourquoi choisir un bon melokal\u00ae ? \u2714 Valable chez tous les partenaires\u2714 [&hellip;]<\/p>\n","protected":false},"author":2,"featured_media":0,"parent":0,"menu_order":0,"comment_status":"closed","ping_status":"closed","template":"elementor_header_footer","meta":{"footnotes":""},"class_list":["post-1817","page","type-page","status-publish","hentry"],"acf":[],"_links":{"self":[{"href":"https:\/\/melokal.lu\/fr\/wp-json\/wp\/v2\/pages\/1817","targetHints":{"allow":["GET"]}}],"collection":[{"href":"https:\/\/melokal.lu\/fr\/wp-json\/wp\/v2\/pages"}],"about":[{"href":"https:\/\/melokal.lu\/fr\/wp-json\/wp\/v2\/types\/page"}],"author":[{"embeddable":true,"href":"https:\/\/melokal.lu\/fr\/wp-json\/wp\/v2\/users\/2"}],"replies":[{"embeddable":true,"href":"https:\/\/melokal.lu\/fr\/wp-json\/wp\/v2\/comments?post=1817"}],"version-history":[{"count":139,"href":"https:\/\/melokal.lu\/fr\/wp-json\/wp\/v2\/pages\/1817\/revisions"}],"predecessor-version":[{"id":3730,"href":"https:\/\/melokal.lu\/fr\/wp-json\/wp\/v2\/pages\/1817\/revisions\/3730"}],"wp:attachment":[{"href":"https:\/\/melokal.lu\/fr\/wp-json\/wp\/v2\/media?parent=1817"}],"curies":[{"name":"wp","href":"https:\/\/api.w.org\/{rel}","templated":true}]}}