{"id":1819,"date":"2024-07-03T13:31:00","date_gmt":"2024-07-03T11:31:00","guid":{"rendered":"https:\/\/melokal.lu\/a-propos-de-moi\/"},"modified":"2025-04-26T15:39:58","modified_gmt":"2025-04-26T13:39:58","slug":"accueil-melokal","status":"publish","type":"page","link":"https:\/\/melokal.lu\/fr\/accueil-melokal\/","title":{"rendered":"\u00c0 propos de melokal\u00ae"},"content":{"rendered":"\t\t<div data-elementor-type=\"wp-page\" data-elementor-id=\"1819\" class=\"elementor elementor-1819 elementor-393\">\n\t\t\t\t<div class=\"elementor-element elementor-element-b912b92 e-con-full e-flex e-con e-parent\" data-id=\"b912b92\" data-element_type=\"container\" data-e-type=\"container\" data-settings=\"{&quot;background_background&quot;:&quot;slideshow&quot;,&quot;background_slideshow_gallery&quot;:[{&quot;id&quot;:34,&quot;url&quot;:&quot;https:\\\/\\\/melokal.lu\\\/wp-content\\\/uploads\\\/2024\\\/04\\\/alyssa-degarde-hU5kjby87Kk-unsplash.jpg&quot;},{&quot;id&quot;:407,&quot;url&quot;:&quot;https:\\\/\\\/melokal.lu\\\/wp-content\\\/uploads\\\/2024\\\/07\\\/BoxGras.jpg&quot;},{&quot;id&quot;:406,&quot;url&quot;:&quot;https:\\\/\\\/melokal.lu\\\/wp-content\\\/uploads\\\/2024\\\/07\\\/Katze.jpg&quot;}],&quot;background_slideshow_loop&quot;:&quot;yes&quot;,&quot;background_slideshow_slide_duration&quot;:5000,&quot;background_slideshow_slide_transition&quot;:&quot;fade&quot;,&quot;background_slideshow_transition_duration&quot;:500}\">\n\t\t\t\t<\/div>\n\t\t<div class=\"elementor-element elementor-element-78333a2 e-flex e-con-boxed e-con e-parent\" data-id=\"78333a2\" data-element_type=\"container\" data-e-type=\"container\" data-settings=\"{&quot;background_background&quot;:&quot;classic&quot;}\">\n\t\t\t\t\t<div class=\"e-con-inner\">\n\t\t\t\t<div class=\"elementor-element elementor-element-4195028 elementor-widget-divider--view-line_icon elementor-widget-divider--separator-type-pattern elementor-view-default elementor-widget-divider--element-align-center elementor-widget elementor-widget-divider\" data-id=\"4195028\" data-element_type=\"widget\" data-e-type=\"widget\" data-widget_type=\"divider.default\">\n\t\t\t\t<div class=\"elementor-widget-container\">\n\t\t\t\t\t\t\t<div class=\"elementor-divider\" style=\"--divider-pattern-url: url(&quot;data:image\/svg+xml,%3Csvg xmlns=&#039;http:\/\/www.w3.org\/2000\/svg&#039; preserveAspectRatio=&#039;none&#039; overflow=&#039;visible&#039; height=&#039;100%&#039; viewBox=&#039;0 0 24 24&#039; fill=&#039;none&#039; stroke=&#039;black&#039; stroke-width=&#039;1&#039; stroke-linecap=&#039;square&#039; stroke-miterlimit=&#039;10&#039;%3E%3Cpath d=&#039;M0,21c3.3,0,8.3-0.9,15.7-7.1c6.6-5.4,4.4-9.3,2.4-10.3c-3.4-1.8-7.7,1.3-7.3,8.8C11.2,20,17.1,21,24,21&#039;\/%3E%3C\/svg%3E&quot;);\">\n\t\t\t<span class=\"elementor-divider-separator\">\n\t\t\t\t\t\t\t<div class=\"elementor-icon elementor-divider__element\">\n\t\t\t\t\t<svg aria-hidden=\"true\" class=\"e-font-icon-svg e-fas-heart\" viewBox=\"0 0 512 512\" xmlns=\"http:\/\/www.w3.org\/2000\/svg\"><path d=\"M462.3 62.6C407.5 15.9 326 24.3 275.7 76.2L256 96.5l-19.7-20.3C186.1 24.3 104.5 15.9 49.7 62.6c-62.8 53.6-66.1 149.8-9.9 207.9l193.5 199.8c12.5 12.9 32.8 12.9 45.3 0l193.5-199.8c56.3-58.1 53-154.3-9.8-207.9z\"><\/path><\/svg><\/div>\n\t\t\t\t\t\t<\/span>\n\t\t<\/div>\n\t\t\t\t\t\t<\/div>\n\t\t\t\t<\/div>\n\t\t\t\t\t<\/div>\n\t\t\t\t<\/div>\n\t\t<div class=\"elementor-element elementor-element-44764d2 e-flex e-con-boxed e-con e-parent\" data-id=\"44764d2\" data-element_type=\"container\" data-e-type=\"container\" data-settings=\"{&quot;background_background&quot;:&quot;classic&quot;}\">\n\t\t\t\t\t<div class=\"e-con-inner\">\n\t\t\t\t<div class=\"elementor-element elementor-element-18e1460 elementor-widget elementor-widget-heading\" data-id=\"18e1460\" data-element_type=\"widget\" data-e-type=\"widget\" data-widget_type=\"heading.default\">\n\t\t\t\t<div class=\"elementor-widget-container\">\n\t\t\t\t\t<h1 class=\"elementor-heading-title elementor-size-default\">Le commerce local, au c\u0153ur de melokal\u00ae<\/h1>\t\t\t\t<\/div>\n\t\t\t\t<\/div>\n\t\t\t\t\t<\/div>\n\t\t\t\t<\/div>\n\t\t<div class=\"elementor-element elementor-element-824005e e-flex e-con-boxed e-con e-parent\" data-id=\"824005e\" data-element_type=\"container\" data-e-type=\"container\" data-settings=\"{&quot;background_background&quot;:&quot;classic&quot;}\">\n\t\t\t\t\t<div class=\"e-con-inner\">\n\t\t<div class=\"elementor-element elementor-element-9bd4b7a e-con-full e-flex e-con e-child\" data-id=\"9bd4b7a\" data-element_type=\"container\" data-e-type=\"container\">\n\t\t\t\t<div class=\"elementor-element elementor-element-aba8be2 elementor-widget elementor-widget-text-editor\" data-id=\"aba8be2\" data-element_type=\"widget\" data-e-type=\"widget\" data-widget_type=\"text-editor.default\">\n\t\t\t\t<div class=\"elementor-widget-container\">\n\t\t\t\t\t\t\t\t\t<p data-start=\"2077\" data-end=\"2135\"><strong>melokal\u00ae est n\u00e9 d\u2019une conviction forte :<\/strong> les petits commerces sont le c\u0153ur battant de nos villes et villages.<\/p><p data-start=\"2077\" data-end=\"2135\">Avec les bons cadeaux melokal\u00ae, nous voulons rendre visible tout ce qui fait la richesse humaine, artisanale et cr\u00e9ative de notre r\u00e9gion \u2013<\/p><p data-start=\"2077\" data-end=\"2135\">et offrir aux gens une fa\u00e7on simple, joyeuse et concr\u00e8te de soutenir ce tissu local.<\/p><p data-start=\"2077\" data-end=\"2135\">\ud83c\udf81 <strong data-start=\"790\" data-end=\"828\">Envie de faire plaisir autrement ?<\/strong><br data-start=\"828\" data-end=\"831\" \/>Offrez un bon melokal\u00ae et faites battre le c\u0153ur de votre r\u00e9gion.<\/p>\t\t\t\t\t\t\t\t<\/div>\n\t\t\t\t<\/div>\n\t\t\t\t<div class=\"elementor-element elementor-element-3fa7cb7 elementor-align-center elementor-widget elementor-widget-button\" data-id=\"3fa7cb7\" data-element_type=\"widget\" data-e-type=\"widget\" data-widget_type=\"button.default\">\n\t\t\t\t<div class=\"elementor-widget-container\">\n\t\t\t\t\t\t\t\t\t<div class=\"elementor-button-wrapper\">\n\t\t\t\t\t<a class=\"elementor-button elementor-button-link elementor-size-sm\" href=\"https:\/\/melokal.lu\/fr\/boutique\/\">\n\t\t\t\t\t\t<span class=\"elementor-button-content-wrapper\">\n\t\t\t\t\t\t\t\t\t<span class=\"elementor-button-text\">Acc\u00e9der \u00e0 la boutique<\/span>\n\t\t\t\t\t<\/span>\n\t\t\t\t\t<\/a>\n\t\t\t\t<\/div>\n\t\t\t\t\t\t\t\t<\/div>\n\t\t\t\t<\/div>\n\t\t\t\t<\/div>\n\t\t<div class=\"elementor-element elementor-element-e437eff e-con-full e-flex e-con e-child\" data-id=\"e437eff\" data-element_type=\"container\" data-e-type=\"container\">\n\t\t\t\t<div class=\"elementor-element elementor-element-f6d24a2 elementor-widget elementor-widget-image\" data-id=\"f6d24a2\" data-element_type=\"widget\" data-e-type=\"widget\" data-widget_type=\"image.default\">\n\t\t\t\t<div class=\"elementor-widget-container\">\n\t\t\t\t\t\t\t\t\t\t\t\t\t\t\t<img fetchpriority=\"high\" decoding=\"async\" width=\"768\" height=\"348\" src=\"https:\/\/melokal.lu\/wp-content\/uploads\/2024\/12\/55280-768x348.jpg\" class=\"attachment-medium_large size-medium_large wp-image-2386\" alt=\"Bons cadeaux melokal, faire plaisir\" srcset=\"https:\/\/melokal.lu\/wp-content\/uploads\/2024\/12\/55280-768x348.jpg 768w, https:\/\/melokal.lu\/wp-content\/uploads\/2024\/12\/55280-300x136.jpg 300w, https:\/\/melokal.lu\/wp-content\/uploads\/2024\/12\/55280-1024x464.jpg 1024w, https:\/\/melokal.lu\/wp-content\/uploads\/2024\/12\/55280-1536x696.jpg 1536w, https:\/\/melokal.lu\/wp-content\/uploads\/2024\/12\/55280-2048x928.jpg 2048w, https:\/\/melokal.lu\/wp-content\/uploads\/2024\/12\/55280-600x272.jpg 600w\" sizes=\"(max-width: 768px) 100vw, 768px\" title=\"\">\t\t\t\t\t\t\t\t\t\t\t\t\t\t\t<\/div>\n\t\t\t\t<\/div>\n\t\t\t\t<\/div>\n\t\t\t\t\t<\/div>\n\t\t\t\t<\/div>\n\t\t<div class=\"elementor-element elementor-element-c0ae26b e-flex e-con-boxed e-con e-parent\" data-id=\"c0ae26b\" data-element_type=\"container\" data-e-type=\"container\" data-settings=\"{&quot;background_background&quot;:&quot;classic&quot;}\">\n\t\t\t\t\t<div class=\"e-con-inner\">\n\t\t\t\t<div class=\"elementor-element elementor-element-890287c elementor-widget-divider--view-line_icon elementor-widget-divider--separator-type-pattern elementor-view-default elementor-widget-divider--element-align-center elementor-widget elementor-widget-divider\" data-id=\"890287c\" data-element_type=\"widget\" data-e-type=\"widget\" data-widget_type=\"divider.default\">\n\t\t\t\t<div class=\"elementor-widget-container\">\n\t\t\t\t\t\t\t<div class=\"elementor-divider\" style=\"--divider-pattern-url: url(&quot;data:image\/svg+xml,%3Csvg xmlns=&#039;http:\/\/www.w3.org\/2000\/svg&#039; preserveAspectRatio=&#039;none&#039; overflow=&#039;visible&#039; height=&#039;100%&#039; viewBox=&#039;0 0 24 24&#039; fill=&#039;none&#039; stroke=&#039;black&#039; stroke-width=&#039;1&#039; stroke-linecap=&#039;square&#039; stroke-miterlimit=&#039;10&#039;%3E%3Cpath d=&#039;M0,21c3.3,0,8.3-0.9,15.7-7.1c6.6-5.4,4.4-9.3,2.4-10.3c-3.4-1.8-7.7,1.3-7.3,8.8C11.2,20,17.1,21,24,21&#039;\/%3E%3C\/svg%3E&quot;);\">\n\t\t\t<span class=\"elementor-divider-separator\">\n\t\t\t\t\t\t\t<div class=\"elementor-icon elementor-divider__element\">\n\t\t\t\t\t<svg aria-hidden=\"true\" class=\"e-font-icon-svg e-fas-heart\" viewBox=\"0 0 512 512\" xmlns=\"http:\/\/www.w3.org\/2000\/svg\"><path d=\"M462.3 62.6C407.5 15.9 326 24.3 275.7 76.2L256 96.5l-19.7-20.3C186.1 24.3 104.5 15.9 49.7 62.6c-62.8 53.6-66.1 149.8-9.9 207.9l193.5 199.8c12.5 12.9 32.8 12.9 45.3 0l193.5-199.8c56.3-58.1 53-154.3-9.8-207.9z\"><\/path><\/svg><\/div>\n\t\t\t\t\t\t<\/span>\n\t\t<\/div>\n\t\t\t\t\t\t<\/div>\n\t\t\t\t<\/div>\n\t\t\t\t\t<\/div>\n\t\t\t\t<\/div>\n\t\t<div class=\"elementor-element elementor-element-35ff0bd e-flex e-con-boxed e-con e-parent\" data-id=\"35ff0bd\" data-element_type=\"container\" data-e-type=\"container\">\n\t\t\t\t\t<div class=\"e-con-inner\">\n\t\t\t\t<div class=\"elementor-element elementor-element-1ca6df7 elementor-widget elementor-widget-heading\" data-id=\"1ca6df7\" data-element_type=\"widget\" data-e-type=\"widget\" data-widget_type=\"heading.default\">\n\t\t\t\t<div class=\"elementor-widget-container\">\n\t\t\t\t\t<h2 class=\"elementor-heading-title elementor-size-default\">Notre vision et nos valeurs<\/h2>\t\t\t\t<\/div>\n\t\t\t\t<\/div>\n\t\t\t\t\t<\/div>\n\t\t\t\t<\/div>\n\t\t<div class=\"elementor-element elementor-element-eca5e37 e-flex e-con-boxed e-con e-parent\" data-id=\"eca5e37\" data-element_type=\"container\" data-e-type=\"container\">\n\t\t\t\t\t<div class=\"e-con-inner\">\n\t\t\t\t<div class=\"elementor-element elementor-element-233cacd elementor-widget elementor-widget-text-editor\" data-id=\"233cacd\" data-element_type=\"widget\" data-e-type=\"widget\" data-widget_type=\"text-editor.default\">\n\t\t\t\t<div class=\"elementor-widget-container\">\n\t\t\t\t\t\t\t\t\t<p class=\"\" data-start=\"817\" data-end=\"991\">Avec melokal\u00ae, chaque bon devient une <strong data-start=\"855\" data-end=\"881\">invitation \u00e0 d\u00e9couvrir<\/strong>, <strong data-start=\"883\" data-end=\"895\">soutenir<\/strong> et <strong data-start=\"899\" data-end=\"916\">cr\u00e9er du lien<\/strong>.<br data-start=\"917\" data-end=\"920\" \/>Nous croyons \u00e0 une \u00e9conomie locale vivante, humaine, et pleine de sens.<\/p><h4 class=\"\" data-start=\"993\" data-end=\"1013\">Nos 4 piliers :<\/h4><p class=\"\" data-start=\"1015\" data-end=\"1111\">\ud83d\udfe2 <strong data-start=\"1018\" data-end=\"1032\">Simplicit\u00e9<\/strong><br data-start=\"1032\" data-end=\"1035\" \/>Un cadeau facile \u00e0 offrir et \u00e0 utiliser &#8211; qui fait plaisir tout simplement.<\/p><p class=\"\" data-start=\"1113\" data-end=\"1219\">\ud83d\udfe2 <strong data-start=\"1116\" data-end=\"1132\">Authenticit\u00e9<\/strong><br data-start=\"1132\" data-end=\"1135\" \/>Des partenaires choisis avec soin \u2013 artisans, commer\u00e7ants et cr\u00e9ateurs engag\u00e9s.<\/p><p class=\"\" data-start=\"1221\" data-end=\"1313\">\ud83d\udfe2 <strong data-start=\"1224\" data-end=\"1237\">Proximit\u00e9<\/strong><br data-start=\"1237\" data-end=\"1240\" \/>Ancr\u00e9 au Luxembourg et dans la Grande R\u00e9gion \u2013 au plus proche de la vraie vie.<\/p><p class=\"\" data-start=\"1315\" data-end=\"1393\">\ud83d\udfe2 <strong data-start=\"1318\" data-end=\"1328\">Impact<\/strong><br data-start=\"1328\" data-end=\"1331\" \/>Chaque bon soutient une \u00e9conomie plus durable, plus local, plus humaine.<\/p>\t\t\t\t\t\t\t\t<\/div>\n\t\t\t\t<\/div>\n\t\t\t\t\t<\/div>\n\t\t\t\t<\/div>\n\t\t<div class=\"elementor-element elementor-element-75c77b4 e-flex e-con-boxed e-con e-parent\" data-id=\"75c77b4\" data-element_type=\"container\" data-e-type=\"container\" data-settings=\"{&quot;background_background&quot;:&quot;classic&quot;}\">\n\t\t\t\t\t<div class=\"e-con-inner\">\n\t\t<div class=\"elementor-element elementor-element-20b684d e-con-full e-flex e-con e-child\" data-id=\"20b684d\" data-element_type=\"container\" data-e-type=\"container\">\n\t\t\t\t<div class=\"elementor-element elementor-element-05b454b elementor-widget elementor-widget-image\" data-id=\"05b454b\" data-element_type=\"widget\" data-e-type=\"widget\" data-widget_type=\"image.default\">\n\t\t\t\t<div class=\"elementor-widget-container\">\n\t\t\t\t\t\t\t\t\t\t\t\t<figure class=\"wp-caption\">\n\t\t\t\t\t\t\t\t\t\t<img decoding=\"async\" width=\"300\" height=\"300\" src=\"https:\/\/melokal.lu\/wp-content\/uploads\/2024\/11\/DSC_1358-Kopie-300x300.jpg\" class=\"attachment-medium size-medium wp-image-2261\" alt=\"Fondatrice bons cadeaux melokal\" srcset=\"https:\/\/melokal.lu\/wp-content\/uploads\/2024\/11\/DSC_1358-Kopie-300x300.jpg 300w, https:\/\/melokal.lu\/wp-content\/uploads\/2024\/11\/DSC_1358-Kopie-1024x1024.jpg 1024w, https:\/\/melokal.lu\/wp-content\/uploads\/2024\/11\/DSC_1358-Kopie-150x150.jpg 150w, https:\/\/melokal.lu\/wp-content\/uploads\/2024\/11\/DSC_1358-Kopie-768x768.jpg 768w, https:\/\/melokal.lu\/wp-content\/uploads\/2024\/11\/DSC_1358-Kopie-1536x1536.jpg 1536w, https:\/\/melokal.lu\/wp-content\/uploads\/2024\/11\/DSC_1358-Kopie-2048x2048.jpg 2048w, https:\/\/melokal.lu\/wp-content\/uploads\/2024\/11\/DSC_1358-Kopie-600x600.jpg 600w, https:\/\/melokal.lu\/wp-content\/uploads\/2024\/11\/DSC_1358-Kopie-100x100.jpg 100w\" sizes=\"(max-width: 300px) 100vw, 300px\" title=\"\">\t\t\t\t\t\t\t\t\t\t\t<figcaption class=\"widget-image-caption wp-caption-text\">Moi  - j'offre des bons, pas des excuses.<\/figcaption>\n\t\t\t\t\t\t\t\t\t\t<\/figure>\n\t\t\t\t\t\t\t\t\t<\/div>\n\t\t\t\t<\/div>\n\t\t\t\t<\/div>\n\t\t<div class=\"elementor-element elementor-element-7ef0b45 e-con-full e-flex e-con e-child\" data-id=\"7ef0b45\" data-element_type=\"container\" data-e-type=\"container\">\n\t\t\t\t<div class=\"elementor-element elementor-element-6a7c407 elementor-widget elementor-widget-text-editor\" data-id=\"6a7c407\" data-element_type=\"widget\" data-e-type=\"widget\" data-widget_type=\"text-editor.default\">\n\t\t\t\t<div class=\"elementor-widget-container\">\n\t\t\t\t\t\t\t\t\t<h2 data-start=\"438\" data-end=\"480\">\u00a0<\/h2><h2 class=\"\" data-start=\"438\" data-end=\"480\">\u2728 Je suis M\u00e9lanie, fondatrice de melokal\u00ae<\/h2><p class=\"\" data-start=\"482\" data-end=\"674\">melokal\u00ae est n\u00e9 d\u2019une exp\u00e9rience personnelle et d\u2019une d\u2019une envie sinc\u00e8re : <strong>redonner du sens \u00e0 nos gestes quotidiens<\/strong><\/p><p class=\"\" data-start=\"1495\" data-end=\"1711\">Nous avons besoin de lieux vivants, de rencontres r\u00e9elles, de liens humains.<br data-start=\"1571\" data-end=\"1574\" \/>Ce projet est ma fa\u00e7on d\u2019y contribuer \u2013 en reconnectant les gens \u00e0 leur territoire, \u00e0 travers un geste simple et porteur : un bon cadeau.<\/p><p class=\"\" data-start=\"1713\" data-end=\"1899\">Je crois que chacun\u00b7e d\u2019entre nous peut faire une diff\u00e9rence, \u00e0 son \u00e9chelle.<br data-start=\"1789\" data-end=\"1792\" \/>Et parfois, il suffit d\u2019un petit bon pour <strong data-start=\"1834\" data-end=\"1899\">ouvrir une porte, raviver une rue ou faire na\u00eetre un sourire.<\/strong><\/p><p class=\"\" data-start=\"1901\" data-end=\"1969\"><strong data-start=\"1901\" data-end=\"1966\">Merci d\u2019\u00eatre l\u00e0, et de faire partie de cette aventure locale.<\/strong> \ud83d\udc9a<\/p>\t\t\t\t\t\t\t\t<\/div>\n\t\t\t\t<\/div>\n\t\t\t\t<\/div>\n\t\t\t\t\t<\/div>\n\t\t\t\t<\/div>\n\t\t<div class=\"elementor-element elementor-element-ff06160 e-flex e-con-boxed e-con e-parent\" data-id=\"ff06160\" data-element_type=\"container\" data-e-type=\"container\">\n\t\t\t\t\t<div class=\"e-con-inner\">\n\t\t\t\t\t<\/div>\n\t\t\t\t<\/div>\n\t\t\t\t<\/div>\n\t\t","protected":false},"excerpt":{"rendered":"<p>&nbsp; Le commerce local, au c\u0153ur de melokal\u00ae melokal\u00ae est n\u00e9 d\u2019une conviction forte : les petits commerces sont le c\u0153ur battant de nos villes et villages. Avec les bons cadeaux melokal\u00ae, nous voulons rendre visible tout ce qui fait la richesse humaine, artisanale et cr\u00e9ative de notre r\u00e9gion \u2013 et offrir aux gens une [&hellip;]<\/p>\n","protected":false},"author":2,"featured_media":0,"parent":0,"menu_order":0,"comment_status":"closed","ping_status":"closed","template":"elementor_header_footer","meta":{"footnotes":""},"class_list":["post-1819","page","type-page","status-publish","hentry"],"acf":[],"_links":{"self":[{"href":"https:\/\/melokal.lu\/fr\/wp-json\/wp\/v2\/pages\/1819","targetHints":{"allow":["GET"]}}],"collection":[{"href":"https:\/\/melokal.lu\/fr\/wp-json\/wp\/v2\/pages"}],"about":[{"href":"https:\/\/melokal.lu\/fr\/wp-json\/wp\/v2\/types\/page"}],"author":[{"embeddable":true,"href":"https:\/\/melokal.lu\/fr\/wp-json\/wp\/v2\/users\/2"}],"replies":[{"embeddable":true,"href":"https:\/\/melokal.lu\/fr\/wp-json\/wp\/v2\/comments?post=1819"}],"version-history":[{"count":34,"href":"https:\/\/melokal.lu\/fr\/wp-json\/wp\/v2\/pages\/1819\/revisions"}],"predecessor-version":[{"id":3538,"href":"https:\/\/melokal.lu\/fr\/wp-json\/wp\/v2\/pages\/1819\/revisions\/3538"}],"wp:attachment":[{"href":"https:\/\/melokal.lu\/fr\/wp-json\/wp\/v2\/media?parent=1819"}],"curies":[{"name":"wp","href":"https:\/\/api.w.org\/{rel}","templated":true}]}}