{"id":2021,"date":"2024-08-02T11:40:58","date_gmt":"2024-08-02T09:40:58","guid":{"rendered":"https:\/\/melokal.lu\/produkt\/bon-box\/"},"modified":"2024-11-25T00:47:45","modified_gmt":"2024-11-24T23:47:45","slug":"bon-box","status":"publish","type":"product","link":"https:\/\/melokal.lu\/fr\/produit\/bon-box\/","title":{"rendered":"Bon Box"},"content":{"rendered":"<p>La melokal\u00ae-BonBox est l&#8217;emballage parfait pour tes bons melokal\u00ae et offre non seulement une protection \u00e9l\u00e9gante, mais aussi une pr\u00e9sentation particuli\u00e8re. Dans cette bo\u00eete de haute qualit\u00e9, tu trouveras, en plus des bons, un d\u00e9pliant informatif qui contient tout ce qu&rsquo;il faut savoir sur les bons melokal\u00ae et leurs possibilit\u00e9s d&rsquo;utilisation. De plus, une carte de v\u0153ux gratuite est jointe, que tu peux personnaliser afin de faire part de tes souhaits personnels. Id\u00e9al comme cadeau ou pour se faire plaisir &#8211; la melokal\u00ae-BonBox transforme le fait d&rsquo;offrir des exp\u00e9riences locales en un \u00e9v\u00e9nement particulier.   <\/p>\n","protected":false},"excerpt":{"rendered":"<p>La melokal\u00ae-BonBox est l&#8217;emballage \u00e9l\u00e9gant pour tes bons. Elle contient : un flyer avec des infos sur les bons et une carte de v\u0153ux gratuite \u00e0 personnaliser &#8211; id\u00e9al pour offrir ! <\/p>\n","protected":false},"featured_media":1210,"comment_status":"open","ping_status":"closed","template":"","meta":{"_acf_changed":false},"product_brand":[],"product_cat":[70],"product_tag":[71,74,76,77,79,81],"class_list":{"0":"post-2021","1":"product","2":"type-product","3":"status-publish","4":"has-post-thumbnail","6":"product_cat-emballage","7":"product_tag-beauty-wellbeing-fr","8":"product_tag-culture-art-fr","9":"product_tag-fashion-accessories-fr","10":"product_tag-fun-sports-technics-fr","11":"product_tag-garden-living-pets-fr","12":"product_tag-gourmet-tasting-fr","13":"product_shipping_class-box-fr","15":"first","16":"instock","17":"taxable","18":"shipping-taxable","19":"purchasable","20":"product-type-simple"},"acf":[],"_links":{"self":[{"href":"https:\/\/melokal.lu\/fr\/wp-json\/wp\/v2\/product\/2021","targetHints":{"allow":["GET"]}}],"collection":[{"href":"https:\/\/melokal.lu\/fr\/wp-json\/wp\/v2\/product"}],"about":[{"href":"https:\/\/melokal.lu\/fr\/wp-json\/wp\/v2\/types\/product"}],"replies":[{"embeddable":true,"href":"https:\/\/melokal.lu\/fr\/wp-json\/wp\/v2\/comments?post=2021"}],"wp:featuredmedia":[{"embeddable":true,"href":"https:\/\/melokal.lu\/fr\/wp-json\/wp\/v2\/media\/1210"}],"wp:attachment":[{"href":"https:\/\/melokal.lu\/fr\/wp-json\/wp\/v2\/media?parent=2021"}],"wp:term":[{"taxonomy":"product_brand","embeddable":true,"href":"https:\/\/melokal.lu\/fr\/wp-json\/wp\/v2\/product_brand?post=2021"},{"taxonomy":"product_cat","embeddable":true,"href":"https:\/\/melokal.lu\/fr\/wp-json\/wp\/v2\/product_cat?post=2021"},{"taxonomy":"product_tag","embeddable":true,"href":"https:\/\/melokal.lu\/fr\/wp-json\/wp\/v2\/product_tag?post=2021"}],"curies":[{"name":"wp","href":"https:\/\/api.w.org\/{rel}","templated":true}]}}