{"id":2024,"date":"2024-09-02T21:19:53","date_gmt":"2024-09-02T19:19:53","guid":{"rendered":"https:\/\/melokal.lu\/?post_type=product&#038;p=2024"},"modified":"2024-12-18T21:21:04","modified_gmt":"2024-12-18T20:21:04","slug":"bon-telechargeable-garden-living-pets","status":"publish","type":"product","link":"https:\/\/melokal.lu\/fr\/produit\/bon-telechargeable-garden-living-pets\/","title":{"rendered":"Bon t\u00e9lechargeable \u00ab\u00a0Garden, Living &amp; Pets\u00a0\u00bb"},"content":{"rendered":"<p class=\"p1\">Transforme ta maison et ton jardin en un havre de paix avec le bon melokal\u00ae \u00ab\u00a0Garden, Living &amp; Pets\u00a0\u00bb. Ce bon te donne acc\u00e8s \u00e0 un large \u00e9ventail de boutiques sp\u00e9cialis\u00e9es dans la d\u00e9coration d&rsquo;int\u00e9rieur, l&rsquo;am\u00e9nagement de jardin et les besoins des animaux de compagnie. Que tu sois \u00e0 la recherche de nouvelles id\u00e9es de d\u00e9co, d&rsquo;outils de jardinage pratiques ou d&rsquo;accessoires pour choyer tes amis \u00e0 quatre pattes, ce bon te permet d&rsquo;am\u00e9nager ton chez-toi et ton environnement \u00e0 ton go\u00fbt. Un cadeau merveilleux pour tous ceux qui souhaitent embellir leur maison ou offrir le meilleur \u00e0 leurs compagnons animaux.   <\/p>\n","protected":false},"excerpt":{"rendered":"<p>Rends ton chez-toi encore plus accueillant ! Explore des inspirations d\u00e9co pour ton int\u00e9rieur et ton jardin, et offre \u00e0 tes compagnons \u00e0 quatre pattes des accessoires sp\u00e9ciaux pour les chouchouter. <\/p>\n<p>&nbsp;<\/p>\n","protected":false},"featured_media":1396,"comment_status":"open","ping_status":"closed","template":"","meta":{"_acf_changed":false},"product_brand":[],"product_cat":[67],"product_tag":[79],"class_list":{"0":"post-2024","1":"product","2":"type-product","3":"status-publish","4":"has-post-thumbnail","6":"product_cat-bons-digitaux","7":"product_tag-garden-living-pets-fr","8":"product_shipping_class-download-fr","10":"first","11":"instock","12":"virtual","13":"purchasable","14":"product-type-simple"},"acf":[],"_links":{"self":[{"href":"https:\/\/melokal.lu\/fr\/wp-json\/wp\/v2\/product\/2024","targetHints":{"allow":["GET"]}}],"collection":[{"href":"https:\/\/melokal.lu\/fr\/wp-json\/wp\/v2\/product"}],"about":[{"href":"https:\/\/melokal.lu\/fr\/wp-json\/wp\/v2\/types\/product"}],"replies":[{"embeddable":true,"href":"https:\/\/melokal.lu\/fr\/wp-json\/wp\/v2\/comments?post=2024"}],"wp:featuredmedia":[{"embeddable":true,"href":"https:\/\/melokal.lu\/fr\/wp-json\/wp\/v2\/media\/1396"}],"wp:attachment":[{"href":"https:\/\/melokal.lu\/fr\/wp-json\/wp\/v2\/media?parent=2024"}],"wp:term":[{"taxonomy":"product_brand","embeddable":true,"href":"https:\/\/melokal.lu\/fr\/wp-json\/wp\/v2\/product_brand?post=2024"},{"taxonomy":"product_cat","embeddable":true,"href":"https:\/\/melokal.lu\/fr\/wp-json\/wp\/v2\/product_cat?post=2024"},{"taxonomy":"product_tag","embeddable":true,"href":"https:\/\/melokal.lu\/fr\/wp-json\/wp\/v2\/product_tag?post=2024"}],"curies":[{"name":"wp","href":"https:\/\/api.w.org\/{rel}","templated":true}]}}