{"id":2025,"date":"2024-09-02T21:12:41","date_gmt":"2024-09-02T19:12:41","guid":{"rendered":"https:\/\/melokal.lu\/?post_type=product&#038;p=2025"},"modified":"2024-12-18T21:20:05","modified_gmt":"2024-12-18T20:20:05","slug":"bon-telechargeable-culture-art","status":"publish","type":"product","link":"https:\/\/melokal.lu\/fr\/produit\/bon-telechargeable-culture-art\/","title":{"rendered":"Bon t\u00e9l\u00e9chargeable \u00ab\u00a0Culture &amp; Art\u00a0\u00bb"},"content":{"rendered":"<p class=\"p1\">Plonge dans le monde cr\u00e9atif du Luxembourg avec le bon melokal\u00ae \u00ab\u00a0Culture &amp; Art\u00a0\u00bb. Ce bon te donne acc\u00e8s \u00e0 une multitude d&rsquo;exp\u00e9riences culturelles : des pi\u00e8ces de th\u00e9\u00e2tre captivantes, des expositions d&rsquo;art inspirantes, jusqu&rsquo;\u00e0 des concerts envo\u00fbtants. Que tu souhaites admirer les \u0153uvres d&rsquo;artistes locaux, participer \u00e0 un atelier cr\u00e9atif ou simplement d\u00e9couvrir la richesse culturelle de la r\u00e9gion, ce bon est ta porte d&rsquo;entr\u00e9e vers un univers rempli d&rsquo;art et de culture. Parfait pour les passionn\u00e9s de culture et les esprits cr\u00e9atifs qui veulent explorer leur r\u00e9gion sous un nouvel angle plus profond.   <\/p>\n","protected":false},"excerpt":{"rendered":"<p class=\"p1\"><span class=\"s1\"><br \/>Plonge dans l&rsquo;univers de la culture et de l&rsquo;art ! Profite de concerts envo\u00fbtants et de spectacles de th\u00e9\u00e2tre captivants <\/span> et d&rsquo;expositions d&rsquo;art inspirantes. Ou laisse-toi inspirer par des ateliers cr\u00e9atifs pour r\u00e9aliser tes propres \u0153uvres d&rsquo;art. <\/p>\n","protected":false},"featured_media":1408,"comment_status":"open","ping_status":"closed","template":"","meta":[],"product_brand":[],"product_cat":[67],"product_tag":[74],"class_list":{"0":"post-2025","1":"product","2":"type-product","3":"status-publish","4":"has-post-thumbnail","6":"product_cat-bons-digitaux","7":"product_tag-culture-art-fr","8":"product_shipping_class-download-fr","10":"first","11":"instock","12":"virtual","13":"purchasable","14":"product-type-simple"},"acf":[],"_links":{"self":[{"href":"https:\/\/melokal.lu\/fr\/wp-json\/wp\/v2\/product\/2025","targetHints":{"allow":["GET"]}}],"collection":[{"href":"https:\/\/melokal.lu\/fr\/wp-json\/wp\/v2\/product"}],"about":[{"href":"https:\/\/melokal.lu\/fr\/wp-json\/wp\/v2\/types\/product"}],"replies":[{"embeddable":true,"href":"https:\/\/melokal.lu\/fr\/wp-json\/wp\/v2\/comments?post=2025"}],"wp:featuredmedia":[{"embeddable":true,"href":"https:\/\/melokal.lu\/fr\/wp-json\/wp\/v2\/media\/1408"}],"wp:attachment":[{"href":"https:\/\/melokal.lu\/fr\/wp-json\/wp\/v2\/media?parent=2025"}],"wp:term":[{"taxonomy":"product_brand","embeddable":true,"href":"https:\/\/melokal.lu\/fr\/wp-json\/wp\/v2\/product_brand?post=2025"},{"taxonomy":"product_cat","embeddable":true,"href":"https:\/\/melokal.lu\/fr\/wp-json\/wp\/v2\/product_cat?post=2025"},{"taxonomy":"product_tag","embeddable":true,"href":"https:\/\/melokal.lu\/fr\/wp-json\/wp\/v2\/product_tag?post=2025"}],"curies":[{"name":"wp","href":"https:\/\/api.w.org\/{rel}","templated":true}]}}