{"id":2026,"date":"2024-09-02T21:10:53","date_gmt":"2024-09-02T19:10:53","guid":{"rendered":"https:\/\/melokal.lu\/?post_type=product&#038;p=2026"},"modified":"2024-12-18T21:20:54","modified_gmt":"2024-12-18T20:20:54","slug":"bon-telechargeable-gourmet-tasting","status":"publish","type":"product","link":"https:\/\/melokal.lu\/fr\/produit\/bon-telechargeable-gourmet-tasting\/","title":{"rendered":"Bon t\u00e9l\u00e9chargeable \u00ab\u00a0Gourmet &amp; Tasting\u00a0\u00bb"},"content":{"rendered":"<p class=\"p1\">D\u00e9couvre la diversit\u00e9 culinaire du Luxembourg avec notre bon melokal\u00ae \u00ab Gourmet &amp; Tasting \u00bb. Ce bon te donne acc\u00e8s \u00e0 une vaste s\u00e9lection de tr\u00e9sors gastronomiques, incluant des restaurants exclusifs, des bars \u00e0 vin chaleureux, des boucheries traditionnelles et des boutiques sp\u00e9cialis\u00e9es. Que tu sois \u00e0 la recherche de produits fins, de grands vins, de caf\u00e9s gourmets ou de d\u00e9lices r\u00e9gionaux, ce bon t&rsquo;ouvre les portes des meilleures exp\u00e9riences culinaires de la r\u00e9gion. Un cadeau parfait pour les gourmets et les \u00e9picuriens d\u00e9sireux de savourer les sp\u00e9cialit\u00e9s locales.   <\/p>\n","protected":false},"excerpt":{"rendered":"<p class=\"p1\">Fais danser tes papilles ! D\u00e9couvre les d\u00e9lices locaux dans des restaurants chaleureux, ou aventure-toi dans de nouvelles exp\u00e9riences culinaires lors de d\u00e9gustations sp\u00e9ciales et d&rsquo;\u00e9v\u00e9nements gastronomiques. <\/p>\n","protected":false},"featured_media":1390,"comment_status":"open","ping_status":"closed","template":"","meta":[],"product_brand":[],"product_cat":[67],"product_tag":[81],"class_list":{"0":"post-2026","1":"product","2":"type-product","3":"status-publish","4":"has-post-thumbnail","6":"product_cat-bons-digitaux","7":"product_tag-gourmet-tasting-fr","8":"product_shipping_class-download-fr","10":"first","11":"instock","12":"virtual","13":"purchasable","14":"product-type-simple"},"acf":[],"_links":{"self":[{"href":"https:\/\/melokal.lu\/fr\/wp-json\/wp\/v2\/product\/2026","targetHints":{"allow":["GET"]}}],"collection":[{"href":"https:\/\/melokal.lu\/fr\/wp-json\/wp\/v2\/product"}],"about":[{"href":"https:\/\/melokal.lu\/fr\/wp-json\/wp\/v2\/types\/product"}],"replies":[{"embeddable":true,"href":"https:\/\/melokal.lu\/fr\/wp-json\/wp\/v2\/comments?post=2026"}],"wp:featuredmedia":[{"embeddable":true,"href":"https:\/\/melokal.lu\/fr\/wp-json\/wp\/v2\/media\/1390"}],"wp:attachment":[{"href":"https:\/\/melokal.lu\/fr\/wp-json\/wp\/v2\/media?parent=2026"}],"wp:term":[{"taxonomy":"product_brand","embeddable":true,"href":"https:\/\/melokal.lu\/fr\/wp-json\/wp\/v2\/product_brand?post=2026"},{"taxonomy":"product_cat","embeddable":true,"href":"https:\/\/melokal.lu\/fr\/wp-json\/wp\/v2\/product_cat?post=2026"},{"taxonomy":"product_tag","embeddable":true,"href":"https:\/\/melokal.lu\/fr\/wp-json\/wp\/v2\/product_tag?post=2026"}],"curies":[{"name":"wp","href":"https:\/\/api.w.org\/{rel}","templated":true}]}}