{"id":2029,"date":"2024-08-02T11:37:14","date_gmt":"2024-08-02T09:37:14","guid":{"rendered":"https:\/\/melokal.lu\/produkt\/bon-fashion-accessories\/"},"modified":"2024-08-02T11:37:14","modified_gmt":"2024-08-02T09:37:14","slug":"bon-fashion-accessories","status":"publish","type":"product","link":"https:\/\/melokal.lu\/fr\/produit\/bon-fashion-accessories\/","title":{"rendered":"Bon \u00ab\u00a0Fashion &amp; Accessories\u00a0\u00bb"},"content":{"rendered":"<p class=\"p1\">R\u00e9veille ton style avec le bon melokal\u00ae \u00ab Fashion &amp; Accessories \u00bb. Ce bon t\u2019offre un acc\u00e8s exclusif \u00e0 une s\u00e9lection raffin\u00e9e de boutiques de mode, de magasins de chaussures et de boutiques d\u2019accessoires au Luxembourg. Que tu sois \u00e0 la recherche de la tenue parfaite pour une occasion sp\u00e9ciale, que tu souhaites rafra\u00eechir ta garde-robe avec des pi\u00e8ces tendance, ou d\u00e9couvrir des accessoires uniques, ce bon t\u2019ouvre les portes des meilleures boutiques de mode et d\u2019accessoires de la r\u00e9gion. Un cadeau id\u00e9al pour les amateurs de mode et les passionn\u00e9s de style, soucieux de qualit\u00e9 et de produits locaux.   <\/p>\n","protected":false},"excerpt":{"rendered":"<p class=\"p1\">Habille-toi avec style de la t\u00eate aux pieds ! D\u00e9couvre des tenues tendance pour chaque occasion ainsi que les accessoires parfaits pour compl\u00e9ter ton look. <\/p>\n","protected":false},"featured_media":1186,"comment_status":"open","ping_status":"closed","template":"","meta":[],"product_brand":[],"product_cat":[66],"product_tag":[76],"class_list":{"0":"post-2029","1":"product","2":"type-product","3":"status-publish","4":"has-post-thumbnail","6":"product_cat-bons-fr","7":"product_tag-fashion-accessories-fr","8":"product_shipping_class-enveloppe","10":"first","11":"instock","12":"purchasable","13":"product-type-simple"},"acf":[],"_links":{"self":[{"href":"https:\/\/melokal.lu\/fr\/wp-json\/wp\/v2\/product\/2029","targetHints":{"allow":["GET"]}}],"collection":[{"href":"https:\/\/melokal.lu\/fr\/wp-json\/wp\/v2\/product"}],"about":[{"href":"https:\/\/melokal.lu\/fr\/wp-json\/wp\/v2\/types\/product"}],"replies":[{"embeddable":true,"href":"https:\/\/melokal.lu\/fr\/wp-json\/wp\/v2\/comments?post=2029"}],"wp:featuredmedia":[{"embeddable":true,"href":"https:\/\/melokal.lu\/fr\/wp-json\/wp\/v2\/media\/1186"}],"wp:attachment":[{"href":"https:\/\/melokal.lu\/fr\/wp-json\/wp\/v2\/media?parent=2029"}],"wp:term":[{"taxonomy":"product_brand","embeddable":true,"href":"https:\/\/melokal.lu\/fr\/wp-json\/wp\/v2\/product_brand?post=2029"},{"taxonomy":"product_cat","embeddable":true,"href":"https:\/\/melokal.lu\/fr\/wp-json\/wp\/v2\/product_cat?post=2029"},{"taxonomy":"product_tag","embeddable":true,"href":"https:\/\/melokal.lu\/fr\/wp-json\/wp\/v2\/product_tag?post=2029"}],"curies":[{"name":"wp","href":"https:\/\/api.w.org\/{rel}","templated":true}]}}