{"id":2030,"date":"2024-08-02T11:32:27","date_gmt":"2024-08-02T09:32:27","guid":{"rendered":"https:\/\/melokal.lu\/produkt\/bon-fun-sports-technics\/"},"modified":"2024-08-02T11:32:27","modified_gmt":"2024-08-02T09:32:27","slug":"bon-fun-sports-technics","status":"publish","type":"product","link":"https:\/\/melokal.lu\/fr\/produit\/bon-fun-sports-technics\/","title":{"rendered":"Bon \u00ab\u00a0Fun, Sports &amp; Technics\u00a0\u00bb"},"content":{"rendered":"<p class=\"p1\">Le bon melokal\u00ae \u00ab Fun, Sports &amp; Technics \u00bb est ta cl\u00e9 vers un monde d&rsquo;aventures, de technologies et de solutions pratiques pour le quotidien. Explore une large s\u00e9lection allant des activit\u00e9s sportives palpitantes et des gadgets innovants aux outils robustes et aux pneus de voiture pratiques. Ce bon te donne acc\u00e8s \u00e0 tout ce dont tu as besoin, que ce soit pour les loisirs, les hobbies ou les t\u00e2ches du quotidien. De plus, des jeux et jouets passionnants t&rsquo;attendent, garantissant du plaisir pour petits et grands. Id\u00e9al pour les passionn\u00e9s de technologie, les aventuriers et ceux en qu\u00eate de produits \u00e0 la fois fonctionnels et divertissants. Amateurs d&rsquo;aventures, soyez pr\u00eats ! Tu y trouveras tout ce qui fera vibrer le c\u0153ur des amateurs de plein air, des passionn\u00e9s de technologies et des aventuriers de tout \u00e2ge ! Des activit\u00e9s sportives stimulantes aux gadgets innovants en passant par des jeux amusants, il y en a pour tous les go\u00fbts.       <\/p>\n<p>&nbsp;<\/p>\n","protected":false},"excerpt":{"rendered":"<p class=\"p1\">Aventuriers, \u00e0 vos marques ! D\u00e9couvre la technologie, les outils, les jouets et bien plus encore \u2013 des activit\u00e9s sportives aux outils pratiques et aux jeux amusants. Il y en a pour tous les go\u00fbts !  <\/p>\n","protected":false},"featured_media":1192,"comment_status":"open","ping_status":"closed","template":"","meta":[],"product_brand":[],"product_cat":[66],"product_tag":[77],"class_list":{"0":"post-2030","1":"product","2":"type-product","3":"status-publish","4":"has-post-thumbnail","6":"product_cat-bons-fr","7":"product_tag-fun-sports-technics-fr","8":"product_shipping_class-enveloppe","10":"first","11":"instock","12":"purchasable","13":"product-type-simple"},"acf":[],"_links":{"self":[{"href":"https:\/\/melokal.lu\/fr\/wp-json\/wp\/v2\/product\/2030","targetHints":{"allow":["GET"]}}],"collection":[{"href":"https:\/\/melokal.lu\/fr\/wp-json\/wp\/v2\/product"}],"about":[{"href":"https:\/\/melokal.lu\/fr\/wp-json\/wp\/v2\/types\/product"}],"replies":[{"embeddable":true,"href":"https:\/\/melokal.lu\/fr\/wp-json\/wp\/v2\/comments?post=2030"}],"wp:featuredmedia":[{"embeddable":true,"href":"https:\/\/melokal.lu\/fr\/wp-json\/wp\/v2\/media\/1192"}],"wp:attachment":[{"href":"https:\/\/melokal.lu\/fr\/wp-json\/wp\/v2\/media?parent=2030"}],"wp:term":[{"taxonomy":"product_brand","embeddable":true,"href":"https:\/\/melokal.lu\/fr\/wp-json\/wp\/v2\/product_brand?post=2030"},{"taxonomy":"product_cat","embeddable":true,"href":"https:\/\/melokal.lu\/fr\/wp-json\/wp\/v2\/product_cat?post=2030"},{"taxonomy":"product_tag","embeddable":true,"href":"https:\/\/melokal.lu\/fr\/wp-json\/wp\/v2\/product_tag?post=2030"}],"curies":[{"name":"wp","href":"https:\/\/api.w.org\/{rel}","templated":true}]}}