{"id":2034,"date":"2024-08-02T11:16:33","date_gmt":"2024-08-02T09:16:33","guid":{"rendered":"https:\/\/melokal.lu\/produkt\/bon-beauty-wellbeing\/"},"modified":"2024-08-02T11:16:33","modified_gmt":"2024-08-02T09:16:33","slug":"bon-beauty-wellbeing","status":"publish","type":"product","link":"https:\/\/melokal.lu\/fr\/produit\/bon-beauty-wellbeing\/","title":{"rendered":"Bon \u00ab\u00a0Beauty &amp; Wellbeing\u00a0\u00bb"},"content":{"rendered":"<p class=\"p1\">Prends du temps pour toi et fais du bien \u00e0 ton corps et \u00e0 ton esprit avec le bon melokal\u00ae \u00ab Beaut\u00e9 &amp; Bien-\u00eatre \u00bb. Ce bon-cadeau t\u2019ouvre les portes d&rsquo;une multitude d&rsquo;offres de bien-\u00eatre au Luxembourg \u2013 des massages relaxants aux soins cosm\u00e9tiques bienfaisants, en passant par des cours de yoga revitalisants. Que tu souhaites te faire chouchouter chez le coiffeur, prendre soin de ta peau dans un spa ou renforcer ton esprit gr\u00e2ce \u00e0 un coaching \u2013 ce bon est ton billet vers plus de bien-\u00eatre et de beaut\u00e9. Un cadeau parfait pour tous ceux qui veulent se faire plaisir.   <\/p>\n","protected":false},"excerpt":{"rendered":"<p>Prends du temps pour toi et fais-toi plaisir avec des visites chez le coiffeur, des soins esth\u00e9tiques et des s\u00e9ances de bien-\u00eatre relaxantes. Et si tu as envie de cours de yoga ou de coachings personnalis\u00e9s, tu es au bon endroit pour chouchouter et renforcer ton corps et ton esprit ! <\/p>\n<p>&nbsp;<\/p>\n<p>&nbsp;<\/p>\n","protected":false},"featured_media":1174,"comment_status":"open","ping_status":"closed","template":"","meta":[],"product_brand":[],"product_cat":[66],"product_tag":[71],"class_list":{"0":"post-2034","1":"product","2":"type-product","3":"status-publish","4":"has-post-thumbnail","6":"product_cat-bons-fr","7":"product_tag-beauty-wellbeing-fr","8":"product_shipping_class-enveloppe","10":"first","11":"instock","12":"purchasable","13":"product-type-simple"},"acf":[],"_links":{"self":[{"href":"https:\/\/melokal.lu\/fr\/wp-json\/wp\/v2\/product\/2034","targetHints":{"allow":["GET"]}}],"collection":[{"href":"https:\/\/melokal.lu\/fr\/wp-json\/wp\/v2\/product"}],"about":[{"href":"https:\/\/melokal.lu\/fr\/wp-json\/wp\/v2\/types\/product"}],"replies":[{"embeddable":true,"href":"https:\/\/melokal.lu\/fr\/wp-json\/wp\/v2\/comments?post=2034"}],"wp:featuredmedia":[{"embeddable":true,"href":"https:\/\/melokal.lu\/fr\/wp-json\/wp\/v2\/media\/1174"}],"wp:attachment":[{"href":"https:\/\/melokal.lu\/fr\/wp-json\/wp\/v2\/media?parent=2034"}],"wp:term":[{"taxonomy":"product_brand","embeddable":true,"href":"https:\/\/melokal.lu\/fr\/wp-json\/wp\/v2\/product_brand?post=2034"},{"taxonomy":"product_cat","embeddable":true,"href":"https:\/\/melokal.lu\/fr\/wp-json\/wp\/v2\/product_cat?post=2034"},{"taxonomy":"product_tag","embeddable":true,"href":"https:\/\/melokal.lu\/fr\/wp-json\/wp\/v2\/product_tag?post=2034"}],"curies":[{"name":"wp","href":"https:\/\/api.w.org\/{rel}","templated":true}]}}