{"id":2035,"date":"2024-10-06T20:08:23","date_gmt":"2024-10-06T18:08:23","guid":{"rendered":"https:\/\/melokal.lu\/?post_type=product&#038;p=2035"},"modified":"2024-11-04T18:51:07","modified_gmt":"2024-11-04T17:51:07","slug":"herzmensch","status":"publish","type":"product","link":"https:\/\/melokal.lu\/fr\/produit\/herzmensch\/","title":{"rendered":"Herzmensch"},"content":{"rendered":"<p>Le lettrage 3D \u00ab\u00a0<strong>Herzmensch<\/strong>\u00a0\u00bb de nogallery est le cadeau parfait pour quelqu&rsquo;un qui touche particuli\u00e8rement ton c\u0153ur. Ce design fait main est une expression pleine d&rsquo;amour, de gratitude et de proximit\u00e9. Id\u00e9al comme \u00e9l\u00e9ment d\u00e9coratif pour la maison ou comme cadeau sp\u00e9cial pour des anniversaires, des mariages et bien plus encore. La peinture appliqu\u00e9e sur une seule face cr\u00e9e un \u00e9l\u00e9gant effet 3D. <strong>100% fabriqu\u00e9 en Allemagne<\/strong> avec amour. Ajoute ce lettrage \u00e0 ta bo\u00eete cadeau pour rendre ton pr\u00e9sent encore plus personnel !<\/p>\n","protected":false},"excerpt":{"rendered":"<p><strong>Pour quelqu&rsquo;un qui touche ton coeur! \u2764\ufe0f <\/strong><br \/>\n<em>Disponible uniquement en combinaison avec notre BonBox.<\/em><\/p>\n<p>Ajoutez une touche suppl\u00e9mentaire de chaleur \u00e0 votre bo\u00eete cadeau avec notre inscription 3D orn\u00e9e d&rsquo;un logo en forme de c\u0153ur, r\u00e9alis\u00e9e en MDF de 8 mm. Ce magnifique \u00e9l\u00e9ment de d\u00e9coration est disponible uniquement en combinaison avec une bo\u00eete et constitue le cadeau parfait pour exprimer votre amour et votre gratitude envers une personne sp\u00e9ciale.<\/p>\n<p>Transformez votre bo\u00eete cadeau en une pi\u00e8ce unique pleine d&rsquo;affection et offrez de la joie avec tout votre c\u0153ur !<\/p>\n<p>&nbsp;<\/p>\n","protected":false},"featured_media":1974,"comment_status":"open","ping_status":"closed","template":"","meta":{"_acf_changed":false},"product_brand":[],"product_cat":[68],"product_tag":[],"class_list":{"0":"post-2035","1":"product","2":"type-product","3":"status-publish","4":"has-post-thumbnail","6":"product_cat-articles-cadeaux","7":"product_shipping_class-enveloppe","9":"first","10":"instock","11":"sold-individually","12":"taxable","13":"shipping-taxable","14":"purchasable","15":"product-type-simple"},"acf":[],"_links":{"self":[{"href":"https:\/\/melokal.lu\/fr\/wp-json\/wp\/v2\/product\/2035","targetHints":{"allow":["GET"]}}],"collection":[{"href":"https:\/\/melokal.lu\/fr\/wp-json\/wp\/v2\/product"}],"about":[{"href":"https:\/\/melokal.lu\/fr\/wp-json\/wp\/v2\/types\/product"}],"replies":[{"embeddable":true,"href":"https:\/\/melokal.lu\/fr\/wp-json\/wp\/v2\/comments?post=2035"}],"wp:featuredmedia":[{"embeddable":true,"href":"https:\/\/melokal.lu\/fr\/wp-json\/wp\/v2\/media\/1974"}],"wp:attachment":[{"href":"https:\/\/melokal.lu\/fr\/wp-json\/wp\/v2\/media?parent=2035"}],"wp:term":[{"taxonomy":"product_brand","embeddable":true,"href":"https:\/\/melokal.lu\/fr\/wp-json\/wp\/v2\/product_brand?post=2035"},{"taxonomy":"product_cat","embeddable":true,"href":"https:\/\/melokal.lu\/fr\/wp-json\/wp\/v2\/product_cat?post=2035"},{"taxonomy":"product_tag","embeddable":true,"href":"https:\/\/melokal.lu\/fr\/wp-json\/wp\/v2\/product_tag?post=2035"}],"curies":[{"name":"wp","href":"https:\/\/api.w.org\/{rel}","templated":true}]}}