{"id":2037,"date":"2024-10-15T20:03:37","date_gmt":"2024-10-15T18:03:37","guid":{"rendered":"https:\/\/melokal.lu\/?post_type=product&#038;p=2037"},"modified":"2024-11-04T18:17:03","modified_gmt":"2024-11-04T17:17:03","slug":"you-are-wow","status":"publish","type":"product","link":"https:\/\/melokal.lu\/fr\/produit\/you-are-wow\/","title":{"rendered":"You are WOW"},"content":{"rendered":"<p>Le <strong>You are WOW <\/strong>(3D) de nogallery est le cadeau parfait pour quelqu&rsquo;un qui t&rsquo;inspire par son unicit\u00e9. Ce design fait \u00e0 la main est une expression \u00e9l\u00e9gante d&rsquo;admiration et de reconnaissance. Id\u00e9al comme \u00e9l\u00e9ment d\u00e9coratif \u00e0 la maison ou comme cadeau sp\u00e9cial pour des occasions telles que des anniversaires, des jubil\u00e9s, et bien plus encore. Peint d&rsquo;un seul c\u00f4t\u00e9, il cr\u00e9e un effet 3D \u00e9l\u00e9gant.<br \/>\n<strong>100% Made in Germany <\/strong>avec amour.<br \/>\nAjoute ce lettrage \u00e0 ta bo\u00eete cadeau et rends ton pr\u00e9sent encore plus exceptionnel !<\/p>\n","protected":false},"excerpt":{"rendered":"<p><strong>Pour une personne extraordinaire !<\/strong> <em>Disponible uniquement en combinaison avec notre BonBox.<\/em> Ajoutez une touche d&rsquo;exception \u00e0 votre bo\u00eete cadeau avec notre inscription 3D \u00e9l\u00e9gante \u00ab You are WOW \u00bb en MDF de 8 mm. Ce point focal unique est disponible uniquement avec une bo\u00eete et constitue le cadeau parfait pour quelqu&rsquo;un de tout simplement \u00e9blouissant ! Rendez votre bo\u00eete cadeau inoubliable et montrez \u00e0 quel point vous appr\u00e9ciez cette personne extraordinaire !<\/p>\n","protected":false},"featured_media":2040,"comment_status":"open","ping_status":"closed","template":"","meta":[],"product_brand":[],"product_cat":[68],"product_tag":[],"class_list":{"0":"post-2037","1":"product","2":"type-product","3":"status-publish","4":"has-post-thumbnail","6":"product_cat-articles-cadeaux","7":"product_shipping_class-enveloppe","9":"first","10":"instock","11":"sold-individually","12":"taxable","13":"shipping-taxable","14":"purchasable","15":"product-type-simple"},"acf":[],"_links":{"self":[{"href":"https:\/\/melokal.lu\/fr\/wp-json\/wp\/v2\/product\/2037","targetHints":{"allow":["GET"]}}],"collection":[{"href":"https:\/\/melokal.lu\/fr\/wp-json\/wp\/v2\/product"}],"about":[{"href":"https:\/\/melokal.lu\/fr\/wp-json\/wp\/v2\/types\/product"}],"replies":[{"embeddable":true,"href":"https:\/\/melokal.lu\/fr\/wp-json\/wp\/v2\/comments?post=2037"}],"wp:featuredmedia":[{"embeddable":true,"href":"https:\/\/melokal.lu\/fr\/wp-json\/wp\/v2\/media\/2040"}],"wp:attachment":[{"href":"https:\/\/melokal.lu\/fr\/wp-json\/wp\/v2\/media?parent=2037"}],"wp:term":[{"taxonomy":"product_brand","embeddable":true,"href":"https:\/\/melokal.lu\/fr\/wp-json\/wp\/v2\/product_brand?post=2037"},{"taxonomy":"product_cat","embeddable":true,"href":"https:\/\/melokal.lu\/fr\/wp-json\/wp\/v2\/product_cat?post=2037"},{"taxonomy":"product_tag","embeddable":true,"href":"https:\/\/melokal.lu\/fr\/wp-json\/wp\/v2\/product_tag?post=2037"}],"curies":[{"name":"wp","href":"https:\/\/api.w.org\/{rel}","templated":true}]}}