{"id":2052,"date":"2024-10-15T20:26:03","date_gmt":"2024-10-15T18:26:03","guid":{"rendered":"https:\/\/melokal.lu\/?post_type=product&#038;p=2052"},"modified":"2024-11-04T18:52:47","modified_gmt":"2024-11-04T17:52:47","slug":"follow-your-heart","status":"publish","type":"product","link":"https:\/\/melokal.lu\/fr\/produit\/follow-your-heart\/","title":{"rendered":"Follow your heart"},"content":{"rendered":"<p>Le texte \u00ab\u00a0<strong>Follow your heart<\/strong>\u00a0\u00bb en 3D de nogallery est le cadeau parfait pour quelqu&rsquo;un qui suit son c\u0153ur et emprunte courageusement son propre chemin. Ce design fait main est un rappel \u00e9l\u00e9gant de toujours poursuivre ses r\u00eaves. Id\u00e9al comme \u00e9l\u00e9ment d\u00e9coratif pour la maison ou comme cadeau sp\u00e9cial pour des occasions telles que les anniversaires, les remises de dipl\u00f4mes, et plus encore. La peinture d&rsquo;un c\u00f4t\u00e9 cr\u00e9e un effet 3D \u00e9l\u00e9gant.<\/p>\n<p><strong>100% Made in Germany avec amour.<\/strong><\/p>\n<p>Ajoute ce lettrage \u00e0 ta bo\u00eete cadeau et encourage quelqu&rsquo;un \u00e0 suivre la voie de son c\u0153ur !<\/p>\n","protected":false},"excerpt":{"rendered":"<p><strong>Pour tous ceux qui devraient suivre leur c\u0153ur !<\/strong><br \/>\n<em>Disponible uniquement en combinaison avec notre BonBox.<\/em><\/p>\n<p>Ajoutez une touche personnelle \u00e0 votre bo\u00eete cadeau avec notre inscription 3D inspirante \u00ab Follow your heart \u00bb. Accompagn\u00e9e de notre bo\u00eete de cadeau, ce point focal en MDF de 8 mm devient un v\u00e9ritable attrait pour tous ceux qui souhaitent suivre leur c\u0153ur.<\/p>\n<p>Rendez votre bo\u00eete cadeau encore plus chaleureuse et offrez une pure joie de c\u0153ur !<\/p>\n","protected":false},"featured_media":2055,"comment_status":"open","ping_status":"closed","template":"","meta":{"_acf_changed":false},"product_brand":[],"product_cat":[68],"product_tag":[],"class_list":{"0":"post-2052","1":"product","2":"type-product","3":"status-publish","4":"has-post-thumbnail","6":"product_cat-articles-cadeaux","7":"product_shipping_class-enveloppe","9":"first","10":"instock","11":"sold-individually","12":"taxable","13":"shipping-taxable","14":"purchasable","15":"product-type-simple"},"acf":[],"_links":{"self":[{"href":"https:\/\/melokal.lu\/fr\/wp-json\/wp\/v2\/product\/2052","targetHints":{"allow":["GET"]}}],"collection":[{"href":"https:\/\/melokal.lu\/fr\/wp-json\/wp\/v2\/product"}],"about":[{"href":"https:\/\/melokal.lu\/fr\/wp-json\/wp\/v2\/types\/product"}],"replies":[{"embeddable":true,"href":"https:\/\/melokal.lu\/fr\/wp-json\/wp\/v2\/comments?post=2052"}],"wp:featuredmedia":[{"embeddable":true,"href":"https:\/\/melokal.lu\/fr\/wp-json\/wp\/v2\/media\/2055"}],"wp:attachment":[{"href":"https:\/\/melokal.lu\/fr\/wp-json\/wp\/v2\/media?parent=2052"}],"wp:term":[{"taxonomy":"product_brand","embeddable":true,"href":"https:\/\/melokal.lu\/fr\/wp-json\/wp\/v2\/product_brand?post=2052"},{"taxonomy":"product_cat","embeddable":true,"href":"https:\/\/melokal.lu\/fr\/wp-json\/wp\/v2\/product_cat?post=2052"},{"taxonomy":"product_tag","embeddable":true,"href":"https:\/\/melokal.lu\/fr\/wp-json\/wp\/v2\/product_tag?post=2052"}],"curies":[{"name":"wp","href":"https:\/\/api.w.org\/{rel}","templated":true}]}}